{"id":584,"date":"2023-10-12T17:17:40","date_gmt":"2023-10-12T22:17:40","guid":{"rendered":"https:\/\/std.com.co\/?post_type=product&#038;p=584"},"modified":"2025-04-09T00:24:35","modified_gmt":"2025-04-09T05:24:35","slug":"capta-faro-metalico","status":"publish","type":"product","link":"https:\/\/std.com.co\/index.php\/producto\/capta-faro-metalico\/","title":{"rendered":"Capta faro met\u00e1lico"},"content":{"rendered":"<p><img decoding=\"async\" class=\"alignnone wp-image-308\" src=\"http:\/\/std.com.co\/wp-content\/uploads\/2023\/10\/iconos-productos-31.jpg\" alt=\"\" width=\"56\" height=\"45\" \/>\u00a0<span style=\"font-size: 16px;\"><strong>Dimensiones:\u00a0<\/strong><\/span><span style=\"font-size: 16px;\">15 x 8 Cm<\/span><\/p>\n<p><img decoding=\"async\" class=\"alignnone wp-image-309\" src=\"http:\/\/std.com.co\/wp-content\/uploads\/2023\/10\/iconos-productos-32.jpg\" alt=\"\" width=\"55\" height=\"45\" \/>\u00a0<span style=\"font-size: 16px;\"><strong>Peso:\u00a0<\/strong><\/span><span style=\"font-size: 16px;\">150 Gr<\/span><\/p>\n<p><img decoding=\"async\" class=\"alignnone wp-image-458\" src=\"http:\/\/std.com.co\/wp-content\/uploads\/2023\/10\/iconos-productos-04.png\" alt=\"\" width=\"53\" height=\"44\" \/>\u00a0<span style=\"font-size: 16px;\"><strong>Colores<\/strong> :\u00a0<\/span><span style=\"font-size: 16px;\">Amarillo limo\u0301n | Amarillo | Blanco<\/span><\/p>\n<p><img loading=\"lazy\" decoding=\"async\" class=\"alignnone wp-image-459\" src=\"http:\/\/std.com.co\/wp-content\/uploads\/2023\/10\/iconos-productos-05.png\" alt=\"\" width=\"53\" height=\"44\" \/>\u00a0<strong><span style=\"font-size: 16px;\">Empaque:\u00a0<\/span><\/strong><span style=\"font-size: 16px;\">Cajas 60 x 40 x 35 cm | 200 und por caja 32 Kg por caja<\/span><\/p>\n","protected":false},"excerpt":{"rendered":"<div class=\"page\" title=\"Page 1\">\n<div class=\"section\">\n<div class=\"layoutArea\">\n<div class=\"column\">\n<p>Descubre el innovador Capta Faro Met\u00e1lico de Smart Traffic Devices, fabricado en Colombia para una se\u00f1alizaci\u00f3n vial de calidad superior. Este dispositivo robusto garantiza una visibilidad excepcional en carriles, cruces peatonales y zonas de peligro. Como fabricantes colombianos, estamos comprometidos con la seguridad en las carreteras. Explora nuestra gama y conf\u00eda en la excelencia del Capta Faro Met\u00e1lico para marcar la diferencia en tus proyectos viales.<\/p>\n<p>Elemento de sen\u0303alizacio\u0301n vial, delineador de ma\u0301rgenes de calzada, reflectivo a 1 o 2 caras, para ubicar sobre la<\/p>\n<div class=\"page\" title=\"Page 1\">\n<div class=\"section\">\n<div class=\"layoutArea\">\n<div class=\"column\">\n<p>defensa meta\u0301lica.<\/p>\n<div class=\"page\" title=\"Page 1\">\n<div class=\"section\">\n<div class=\"layoutArea\">\n<div class=\"column\">\n<p>Se utiliza en defensa meta\u0301licas y muros u otros obsta\u0301culos en la vi\u0301a.<\/p>\n<\/div>\n<\/div>\n<\/div>\n<\/div>\n<\/div>\n<\/div>\n<\/div>\n<\/div>\n<\/div>\n<\/div>\n<\/div>\n<\/div>\n","protected":false},"featured_media":1269,"template":"","meta":{"_acf_changed":false,"site-sidebar-layout":"default","site-content-layout":"","ast-site-content-layout":"default","site-content-style":"default","site-sidebar-style":"default","ast-global-header-display":"","ast-banner-title-visibility":"","ast-main-header-display":"","ast-hfb-above-header-display":"","ast-hfb-below-header-display":"","ast-hfb-mobile-header-display":"","site-post-title":"","ast-breadcrumbs-content":"","ast-featured-img":"","footer-sml-layout":"","theme-transparent-header-meta":"default","adv-header-id-meta":"","stick-header-meta":"","header-above-stick-meta":"","header-main-stick-meta":"","header-below-stick-meta":"","astra-migrate-meta-layouts":"set","_joinchat":[]},"product_brand":[],"product_cat":[22],"product_tag":[],"class_list":{"0":"post-584","1":"product","2":"type-product","3":"status-publish","4":"has-post-thumbnail","6":"product_cat-sin-categorizar","7":"desktop-align-left","8":"tablet-align-left","9":"mobile-align-left","11":"first","12":"instock","13":"downloadable","14":"virtual","15":"product-type-simple"},"acf":[],"yoast_head":"<!-- This site is optimized with the Yoast SEO plugin v26.3 - https:\/\/yoast.com\/wordpress\/plugins\/seo\/ -->\n<title>Capta faro met\u00e1lico - STD<\/title>\n<meta name=\"description\" content=\"Descubre la innovadora soluci\u00f3n de Smart Traffic Devices con nuestro Capta Faro Met\u00e1lico, dise\u00f1ado para mejorar la visibilidad y seguridad en carreteras y entornos viales.\" \/>\n<meta name=\"robots\" content=\"index, follow, max-snippet:-1, max-image-preview:large, max-video-preview:-1\" \/>\n<link rel=\"canonical\" href=\"https:\/\/std.com.co\/index.php\/producto\/capta-faro-metalico\/\" \/>\n<meta property=\"og:locale\" content=\"es_ES\" \/>\n<meta property=\"og:type\" content=\"article\" \/>\n<meta property=\"og:title\" content=\"Capta faro met\u00e1lico - STD\" \/>\n<meta property=\"og:description\" content=\"Descubre la innovadora soluci\u00f3n de Smart Traffic Devices con nuestro Capta Faro Met\u00e1lico, dise\u00f1ado para mejorar la visibilidad y seguridad en carreteras y entornos viales.\" \/>\n<meta property=\"og:url\" content=\"https:\/\/std.com.co\/index.php\/producto\/capta-faro-metalico\/\" \/>\n<meta property=\"og:site_name\" content=\"STD\" \/>\n<meta property=\"article:publisher\" content=\"https:\/\/www.facebook.com\/adiministraciontotal\" \/>\n<meta property=\"article:modified_time\" content=\"2025-04-09T05:24:35+00:00\" \/>\n<meta property=\"og:image\" content=\"http:\/\/std.com.co\/wp-content\/uploads\/2023\/10\/capta-faro-metalico-std-con-cinta-reflectiva-smart-traffic-somos-fabricantes-colombianos.jpg\" \/>\n\t<meta property=\"og:image:width\" content=\"1080\" \/>\n\t<meta property=\"og:image:height\" content=\"1080\" \/>\n\t<meta property=\"og:image:type\" content=\"image\/jpeg\" \/>\n<meta name=\"twitter:card\" content=\"summary_large_image\" \/>\n<meta name=\"twitter:label1\" content=\"Tiempo de lectura\" \/>\n\t<meta name=\"twitter:data1\" content=\"2 minutos\" \/>\n<script type=\"application\/ld+json\" class=\"yoast-schema-graph\">{\"@context\":\"https:\/\/schema.org\",\"@graph\":[{\"@type\":\"WebPage\",\"@id\":\"https:\/\/std.com.co\/index.php\/producto\/capta-faro-metalico\/\",\"url\":\"https:\/\/std.com.co\/index.php\/producto\/capta-faro-metalico\/\",\"name\":\"Capta faro met\u00e1lico - STD\",\"isPartOf\":{\"@id\":\"https:\/\/std.com.co\/#website\"},\"primaryImageOfPage\":{\"@id\":\"https:\/\/std.com.co\/index.php\/producto\/capta-faro-metalico\/#primaryimage\"},\"image\":{\"@id\":\"https:\/\/std.com.co\/index.php\/producto\/capta-faro-metalico\/#primaryimage\"},\"thumbnailUrl\":\"https:\/\/std.com.co\/wp-content\/uploads\/2023\/10\/capta-faro-metalico-std-con-cinta-reflectiva-smart-traffic-somos-fabricantes-colombianos.jpg\",\"datePublished\":\"2023-10-12T22:17:40+00:00\",\"dateModified\":\"2025-04-09T05:24:35+00:00\",\"description\":\"Descubre la innovadora soluci\u00f3n de Smart Traffic Devices con nuestro Capta Faro Met\u00e1lico, dise\u00f1ado para mejorar la visibilidad y seguridad en carreteras y entornos viales.\",\"breadcrumb\":{\"@id\":\"https:\/\/std.com.co\/index.php\/producto\/capta-faro-metalico\/#breadcrumb\"},\"inLanguage\":\"es\",\"potentialAction\":[{\"@type\":\"ReadAction\",\"target\":[\"https:\/\/std.com.co\/index.php\/producto\/capta-faro-metalico\/\"]}]},{\"@type\":\"ImageObject\",\"inLanguage\":\"es\",\"@id\":\"https:\/\/std.com.co\/index.php\/producto\/capta-faro-metalico\/#primaryimage\",\"url\":\"https:\/\/std.com.co\/wp-content\/uploads\/2023\/10\/capta-faro-metalico-std-con-cinta-reflectiva-smart-traffic-somos-fabricantes-colombianos.jpg\",\"contentUrl\":\"https:\/\/std.com.co\/wp-content\/uploads\/2023\/10\/capta-faro-metalico-std-con-cinta-reflectiva-smart-traffic-somos-fabricantes-colombianos.jpg\",\"width\":1080,\"height\":1080},{\"@type\":\"BreadcrumbList\",\"@id\":\"https:\/\/std.com.co\/index.php\/producto\/capta-faro-metalico\/#breadcrumb\",\"itemListElement\":[{\"@type\":\"ListItem\",\"position\":1,\"name\":\"Portada\",\"item\":\"https:\/\/std.com.co\/\"},{\"@type\":\"ListItem\",\"position\":2,\"name\":\"Tienda\",\"item\":\"https:\/\/std.com.co\/index.php\/tienda\/\"},{\"@type\":\"ListItem\",\"position\":3,\"name\":\"Capta faro met\u00e1lico\"}]},{\"@type\":\"WebSite\",\"@id\":\"https:\/\/std.com.co\/#website\",\"url\":\"https:\/\/std.com.co\/\",\"name\":\"Smart Traffic Devices\",\"description\":\"Somos Fabricantes Colombianos\",\"publisher\":{\"@id\":\"https:\/\/std.com.co\/#organization\"},\"alternateName\":\"STD\",\"potentialAction\":[{\"@type\":\"SearchAction\",\"target\":{\"@type\":\"EntryPoint\",\"urlTemplate\":\"https:\/\/std.com.co\/?s={search_term_string}\"},\"query-input\":{\"@type\":\"PropertyValueSpecification\",\"valueRequired\":true,\"valueName\":\"search_term_string\"}}],\"inLanguage\":\"es\"},{\"@type\":\"Organization\",\"@id\":\"https:\/\/std.com.co\/#organization\",\"name\":\"SMART TRAFFIC DEVICES\",\"url\":\"https:\/\/std.com.co\/\",\"logo\":{\"@type\":\"ImageObject\",\"inLanguage\":\"es\",\"@id\":\"https:\/\/std.com.co\/#\/schema\/logo\/image\/\",\"url\":\"https:\/\/std.com.co\/wp-content\/uploads\/2024\/08\/logo-std.png\",\"contentUrl\":\"https:\/\/std.com.co\/wp-content\/uploads\/2024\/08\/logo-std.png\",\"width\":675,\"height\":675,\"caption\":\"SMART TRAFFIC DEVICES\"},\"image\":{\"@id\":\"https:\/\/std.com.co\/#\/schema\/logo\/image\/\"},\"sameAs\":[\"https:\/\/www.facebook.com\/adiministraciontotal\",\"https:\/\/www.instagram.com\/std.col\/\"]}]}<\/script>\n<!-- \/ Yoast SEO plugin. -->","yoast_head_json":{"title":"Capta faro met\u00e1lico - STD","description":"Descubre la innovadora soluci\u00f3n de Smart Traffic Devices con nuestro Capta Faro Met\u00e1lico, dise\u00f1ado para mejorar la visibilidad y seguridad en carreteras y entornos viales.","robots":{"index":"index","follow":"follow","max-snippet":"max-snippet:-1","max-image-preview":"max-image-preview:large","max-video-preview":"max-video-preview:-1"},"canonical":"https:\/\/std.com.co\/index.php\/producto\/capta-faro-metalico\/","og_locale":"es_ES","og_type":"article","og_title":"Capta faro met\u00e1lico - STD","og_description":"Descubre la innovadora soluci\u00f3n de Smart Traffic Devices con nuestro Capta Faro Met\u00e1lico, dise\u00f1ado para mejorar la visibilidad y seguridad en carreteras y entornos viales.","og_url":"https:\/\/std.com.co\/index.php\/producto\/capta-faro-metalico\/","og_site_name":"STD","article_publisher":"https:\/\/www.facebook.com\/adiministraciontotal","article_modified_time":"2025-04-09T05:24:35+00:00","og_image":[{"width":1080,"height":1080,"url":"http:\/\/std.com.co\/wp-content\/uploads\/2023\/10\/capta-faro-metalico-std-con-cinta-reflectiva-smart-traffic-somos-fabricantes-colombianos.jpg","type":"image\/jpeg"}],"twitter_card":"summary_large_image","twitter_misc":{"Tiempo de lectura":"2 minutos"},"schema":{"@context":"https:\/\/schema.org","@graph":[{"@type":"WebPage","@id":"https:\/\/std.com.co\/index.php\/producto\/capta-faro-metalico\/","url":"https:\/\/std.com.co\/index.php\/producto\/capta-faro-metalico\/","name":"Capta faro met\u00e1lico - STD","isPartOf":{"@id":"https:\/\/std.com.co\/#website"},"primaryImageOfPage":{"@id":"https:\/\/std.com.co\/index.php\/producto\/capta-faro-metalico\/#primaryimage"},"image":{"@id":"https:\/\/std.com.co\/index.php\/producto\/capta-faro-metalico\/#primaryimage"},"thumbnailUrl":"https:\/\/std.com.co\/wp-content\/uploads\/2023\/10\/capta-faro-metalico-std-con-cinta-reflectiva-smart-traffic-somos-fabricantes-colombianos.jpg","datePublished":"2023-10-12T22:17:40+00:00","dateModified":"2025-04-09T05:24:35+00:00","description":"Descubre la innovadora soluci\u00f3n de Smart Traffic Devices con nuestro Capta Faro Met\u00e1lico, dise\u00f1ado para mejorar la visibilidad y seguridad en carreteras y entornos viales.","breadcrumb":{"@id":"https:\/\/std.com.co\/index.php\/producto\/capta-faro-metalico\/#breadcrumb"},"inLanguage":"es","potentialAction":[{"@type":"ReadAction","target":["https:\/\/std.com.co\/index.php\/producto\/capta-faro-metalico\/"]}]},{"@type":"ImageObject","inLanguage":"es","@id":"https:\/\/std.com.co\/index.php\/producto\/capta-faro-metalico\/#primaryimage","url":"https:\/\/std.com.co\/wp-content\/uploads\/2023\/10\/capta-faro-metalico-std-con-cinta-reflectiva-smart-traffic-somos-fabricantes-colombianos.jpg","contentUrl":"https:\/\/std.com.co\/wp-content\/uploads\/2023\/10\/capta-faro-metalico-std-con-cinta-reflectiva-smart-traffic-somos-fabricantes-colombianos.jpg","width":1080,"height":1080},{"@type":"BreadcrumbList","@id":"https:\/\/std.com.co\/index.php\/producto\/capta-faro-metalico\/#breadcrumb","itemListElement":[{"@type":"ListItem","position":1,"name":"Portada","item":"https:\/\/std.com.co\/"},{"@type":"ListItem","position":2,"name":"Tienda","item":"https:\/\/std.com.co\/index.php\/tienda\/"},{"@type":"ListItem","position":3,"name":"Capta faro met\u00e1lico"}]},{"@type":"WebSite","@id":"https:\/\/std.com.co\/#website","url":"https:\/\/std.com.co\/","name":"Smart Traffic Devices","description":"Somos Fabricantes Colombianos","publisher":{"@id":"https:\/\/std.com.co\/#organization"},"alternateName":"STD","potentialAction":[{"@type":"SearchAction","target":{"@type":"EntryPoint","urlTemplate":"https:\/\/std.com.co\/?s={search_term_string}"},"query-input":{"@type":"PropertyValueSpecification","valueRequired":true,"valueName":"search_term_string"}}],"inLanguage":"es"},{"@type":"Organization","@id":"https:\/\/std.com.co\/#organization","name":"SMART TRAFFIC DEVICES","url":"https:\/\/std.com.co\/","logo":{"@type":"ImageObject","inLanguage":"es","@id":"https:\/\/std.com.co\/#\/schema\/logo\/image\/","url":"https:\/\/std.com.co\/wp-content\/uploads\/2024\/08\/logo-std.png","contentUrl":"https:\/\/std.com.co\/wp-content\/uploads\/2024\/08\/logo-std.png","width":675,"height":675,"caption":"SMART TRAFFIC DEVICES"},"image":{"@id":"https:\/\/std.com.co\/#\/schema\/logo\/image\/"},"sameAs":["https:\/\/www.facebook.com\/adiministraciontotal","https:\/\/www.instagram.com\/std.col\/"]}]}},"jetpack_sharing_enabled":true,"_links":{"self":[{"href":"https:\/\/std.com.co\/index.php\/wp-json\/wp\/v2\/product\/584","targetHints":{"allow":["GET"]}}],"collection":[{"href":"https:\/\/std.com.co\/index.php\/wp-json\/wp\/v2\/product"}],"about":[{"href":"https:\/\/std.com.co\/index.php\/wp-json\/wp\/v2\/types\/product"}],"wp:featuredmedia":[{"embeddable":true,"href":"https:\/\/std.com.co\/index.php\/wp-json\/wp\/v2\/media\/1269"}],"wp:attachment":[{"href":"https:\/\/std.com.co\/index.php\/wp-json\/wp\/v2\/media?parent=584"}],"wp:term":[{"taxonomy":"product_brand","embeddable":true,"href":"https:\/\/std.com.co\/index.php\/wp-json\/wp\/v2\/product_brand?post=584"},{"taxonomy":"product_cat","embeddable":true,"href":"https:\/\/std.com.co\/index.php\/wp-json\/wp\/v2\/product_cat?post=584"},{"taxonomy":"product_tag","embeddable":true,"href":"https:\/\/std.com.co\/index.php\/wp-json\/wp\/v2\/product_tag?post=584"}],"curies":[{"name":"wp","href":"https:\/\/api.w.org\/{rel}","templated":true}]}}