{"id":583,"date":"2023-10-12T16:41:05","date_gmt":"2023-10-12T21:41:05","guid":{"rendered":"https:\/\/std.com.co\/?post_type=product&#038;p=583"},"modified":"2025-04-09T00:17:19","modified_gmt":"2025-04-09T05:17:19","slug":"hito-delineador-flexible","status":"publish","type":"product","link":"https:\/\/std.com.co\/index.php\/producto\/hito-delineador-flexible\/","title":{"rendered":"Hito vial flexible"},"content":{"rendered":"<p><img decoding=\"async\" class=\"alignnone wp-image-308\" src=\"http:\/\/std.com.co\/wp-content\/uploads\/2023\/10\/iconos-productos-31.jpg\" alt=\"\" width=\"56\" height=\"45\" \/>\u00a0<span style=\"font-size: 16px;\"><strong>Dimensiones:\u00a0<\/strong><\/span><span style=\"font-size: 16px;\">Base 2&#215;0 Cms | Cuerpo 8 Cm | Alto 75 Cm<\/span><\/p>\n<p><img decoding=\"async\" class=\"alignnone wp-image-309\" src=\"http:\/\/std.com.co\/wp-content\/uploads\/2023\/10\/iconos-productos-32.jpg\" alt=\"\" width=\"55\" height=\"45\" \/>\u00a0<span style=\"font-size: 16px;\"><strong>Peso: <\/strong><\/span><span style=\"font-size: 16px;\">1 Kg Unitario<\/span><\/p>\n<p><img decoding=\"async\" class=\"alignnone wp-image-458\" src=\"http:\/\/std.com.co\/wp-content\/uploads\/2023\/10\/iconos-productos-04.png\" alt=\"\" width=\"53\" height=\"44\" \/>\u00a0<span style=\"font-size: 16px;\"><strong>Colores<\/strong> :\u00a0<\/span><span style=\"font-size: 16px;\">Naranja \/ Amarillo | Otros bajo pedido<\/span><\/p>\n<p><img loading=\"lazy\" decoding=\"async\" class=\"alignnone wp-image-459\" src=\"http:\/\/std.com.co\/wp-content\/uploads\/2023\/10\/iconos-productos-05.png\" alt=\"\" width=\"53\" height=\"44\" \/>\u00a0<strong><span style=\"font-size: 16px;\">Empaque:\u00a0<\/span><\/strong><span style=\"font-size: 16px;\">10 unidades por lona | 50 x 50 x 90 cm 11 kg por lona<\/span><\/p>\n","protected":false},"excerpt":{"rendered":"<div class=\"page\" title=\"Page 1\">\n<div class=\"section\">\n<div class=\"layoutArea\">\n<div class=\"column\">\n<div class=\"page\" title=\"Page 1\">\n<div class=\"section\">\n<div class=\"layoutArea\">\n<div class=\"column\">\n<div class=\"page\" title=\"Page 1\">\n<div class=\"section\">\n<div class=\"layoutArea\">\n<div class=\"column\">\n<p>Optimiza la seguridad vial con nuestro innovador Hito Vial, un destacado dispositivo para se\u00f1alizaci\u00f3n vial que act\u00faa como canalizador vehicular y delineador de carril en situaciones de tr\u00e1nsito especial. Este vers\u00e1til Hito Vial canaliza con eficacia carriles para tr\u00e1nsito especial, tales como ciclov\u00edas, sistemas de transporte masivo, agujas, achurados, segregadores y bifurcaciones, adem\u00e1s de carriles vehiculares en contraflujo. Descubre c\u00f3mo nuestro Hito Vial de \u00faltima generaci\u00f3n mejora la ordenaci\u00f3n del tr\u00e1fico y la seguridad en la v\u00eda. \u00a1Conf\u00eda en la calidad y versatilidad de nuestro Hito Vial para potenciar la eficiencia en tus proyectos viales<\/p>\n<p>Fabricado en polimero elastomero de ingenieri\u0301a, material resistente y con memoria que le permite soportar exposicio\u0301n a rayos UV y tra\u0301fico vehicular continuo; Refuerzo interno tipo nervios, congruentes con los nervios que refuerzan la estructura interna y le brindan mayor resistencia a la zona de mayor flexio\u0301n y de ciclos repetitivos.<\/p>\n<\/div>\n<\/div>\n<\/div>\n<\/div>\n<\/div>\n<\/div>\n<\/div>\n<\/div>\n<\/div>\n<\/div>\n<\/div>\n<\/div>\n","protected":false},"featured_media":1270,"template":"","meta":{"_acf_changed":false,"site-sidebar-layout":"default","site-content-layout":"","ast-site-content-layout":"default","site-content-style":"default","site-sidebar-style":"default","ast-global-header-display":"","ast-banner-title-visibility":"","ast-main-header-display":"","ast-hfb-above-header-display":"","ast-hfb-below-header-display":"","ast-hfb-mobile-header-display":"","site-post-title":"","ast-breadcrumbs-content":"","ast-featured-img":"","footer-sml-layout":"","theme-transparent-header-meta":"default","adv-header-id-meta":"","stick-header-meta":"","header-above-stick-meta":"","header-main-stick-meta":"","header-below-stick-meta":"","astra-migrate-meta-layouts":"set","_joinchat":[]},"product_brand":[],"product_cat":[22],"product_tag":[],"class_list":{"0":"post-583","1":"product","2":"type-product","3":"status-publish","4":"has-post-thumbnail","6":"product_cat-sin-categorizar","7":"desktop-align-left","8":"tablet-align-left","9":"mobile-align-left","11":"first","12":"instock","13":"downloadable","14":"virtual","15":"product-type-simple"},"acf":[],"yoast_head":"<!-- This site is optimized with the Yoast SEO plugin v26.3 - https:\/\/yoast.com\/wordpress\/plugins\/seo\/ -->\n<title>Hito vial flexible - STD<\/title>\n<meta name=\"description\" content=\"Somos Fabricantes Colombianos \/ Nuestro innovador Hito Vial, un destacado dispositivo para se\u00f1alizaci\u00f3n vial que act\u00faa como canalizador vehicular.\" \/>\n<meta name=\"robots\" content=\"index, follow, max-snippet:-1, max-image-preview:large, max-video-preview:-1\" \/>\n<link rel=\"canonical\" href=\"https:\/\/std.com.co\/index.php\/producto\/hito-delineador-flexible\/\" \/>\n<meta property=\"og:locale\" content=\"es_ES\" \/>\n<meta property=\"og:type\" content=\"article\" \/>\n<meta property=\"og:title\" content=\"Hito vial flexible - STD\" \/>\n<meta property=\"og:description\" content=\"Somos Fabricantes Colombianos \/ Nuestro innovador Hito Vial, un destacado dispositivo para se\u00f1alizaci\u00f3n vial que act\u00faa como canalizador vehicular.\" \/>\n<meta property=\"og:url\" content=\"https:\/\/std.com.co\/index.php\/producto\/hito-delineador-flexible\/\" \/>\n<meta property=\"og:site_name\" content=\"STD\" \/>\n<meta property=\"article:publisher\" content=\"https:\/\/www.facebook.com\/adiministraciontotal\" \/>\n<meta property=\"article:modified_time\" content=\"2025-04-09T05:17:19+00:00\" \/>\n<meta property=\"og:image\" content=\"http:\/\/std.com.co\/wp-content\/uploads\/2023\/10\/hito-vial-flexible-con-cinta-reflectiva-senalizacion-y-seguridad-vial-somos-fabricantes-colombianos-hacemos-seguro-el-camino-hito-flexible-de-calidad-plus.jpg\" \/>\n\t<meta property=\"og:image:width\" content=\"1080\" \/>\n\t<meta property=\"og:image:height\" content=\"1080\" \/>\n\t<meta property=\"og:image:type\" content=\"image\/jpeg\" \/>\n<meta name=\"twitter:card\" content=\"summary_large_image\" \/>\n<meta name=\"twitter:label1\" content=\"Tiempo de lectura\" \/>\n\t<meta name=\"twitter:data1\" content=\"2 minutos\" \/>\n<script type=\"application\/ld+json\" class=\"yoast-schema-graph\">{\"@context\":\"https:\/\/schema.org\",\"@graph\":[{\"@type\":\"WebPage\",\"@id\":\"https:\/\/std.com.co\/index.php\/producto\/hito-delineador-flexible\/\",\"url\":\"https:\/\/std.com.co\/index.php\/producto\/hito-delineador-flexible\/\",\"name\":\"Hito vial flexible - STD\",\"isPartOf\":{\"@id\":\"https:\/\/std.com.co\/#website\"},\"primaryImageOfPage\":{\"@id\":\"https:\/\/std.com.co\/index.php\/producto\/hito-delineador-flexible\/#primaryimage\"},\"image\":{\"@id\":\"https:\/\/std.com.co\/index.php\/producto\/hito-delineador-flexible\/#primaryimage\"},\"thumbnailUrl\":\"https:\/\/std.com.co\/wp-content\/uploads\/2023\/10\/hito-vial-flexible-con-cinta-reflectiva-senalizacion-y-seguridad-vial-somos-fabricantes-colombianos-hacemos-seguro-el-camino-hito-flexible-de-calidad-plus.jpg\",\"datePublished\":\"2023-10-12T21:41:05+00:00\",\"dateModified\":\"2025-04-09T05:17:19+00:00\",\"description\":\"Somos Fabricantes Colombianos \/ Nuestro innovador Hito Vial, un destacado dispositivo para se\u00f1alizaci\u00f3n vial que act\u00faa como canalizador vehicular.\",\"breadcrumb\":{\"@id\":\"https:\/\/std.com.co\/index.php\/producto\/hito-delineador-flexible\/#breadcrumb\"},\"inLanguage\":\"es\",\"potentialAction\":[{\"@type\":\"ReadAction\",\"target\":[\"https:\/\/std.com.co\/index.php\/producto\/hito-delineador-flexible\/\"]}]},{\"@type\":\"ImageObject\",\"inLanguage\":\"es\",\"@id\":\"https:\/\/std.com.co\/index.php\/producto\/hito-delineador-flexible\/#primaryimage\",\"url\":\"https:\/\/std.com.co\/wp-content\/uploads\/2023\/10\/hito-vial-flexible-con-cinta-reflectiva-senalizacion-y-seguridad-vial-somos-fabricantes-colombianos-hacemos-seguro-el-camino-hito-flexible-de-calidad-plus.jpg\",\"contentUrl\":\"https:\/\/std.com.co\/wp-content\/uploads\/2023\/10\/hito-vial-flexible-con-cinta-reflectiva-senalizacion-y-seguridad-vial-somos-fabricantes-colombianos-hacemos-seguro-el-camino-hito-flexible-de-calidad-plus.jpg\",\"width\":1080,\"height\":1080},{\"@type\":\"BreadcrumbList\",\"@id\":\"https:\/\/std.com.co\/index.php\/producto\/hito-delineador-flexible\/#breadcrumb\",\"itemListElement\":[{\"@type\":\"ListItem\",\"position\":1,\"name\":\"Portada\",\"item\":\"https:\/\/std.com.co\/\"},{\"@type\":\"ListItem\",\"position\":2,\"name\":\"Tienda\",\"item\":\"https:\/\/std.com.co\/index.php\/tienda\/\"},{\"@type\":\"ListItem\",\"position\":3,\"name\":\"Hito Vial\"}]},{\"@type\":\"WebSite\",\"@id\":\"https:\/\/std.com.co\/#website\",\"url\":\"https:\/\/std.com.co\/\",\"name\":\"Smart Traffic Devices\",\"description\":\"Somos Fabricantes Colombianos\",\"publisher\":{\"@id\":\"https:\/\/std.com.co\/#organization\"},\"alternateName\":\"STD\",\"potentialAction\":[{\"@type\":\"SearchAction\",\"target\":{\"@type\":\"EntryPoint\",\"urlTemplate\":\"https:\/\/std.com.co\/?s={search_term_string}\"},\"query-input\":{\"@type\":\"PropertyValueSpecification\",\"valueRequired\":true,\"valueName\":\"search_term_string\"}}],\"inLanguage\":\"es\"},{\"@type\":\"Organization\",\"@id\":\"https:\/\/std.com.co\/#organization\",\"name\":\"SMART TRAFFIC DEVICES\",\"url\":\"https:\/\/std.com.co\/\",\"logo\":{\"@type\":\"ImageObject\",\"inLanguage\":\"es\",\"@id\":\"https:\/\/std.com.co\/#\/schema\/logo\/image\/\",\"url\":\"https:\/\/std.com.co\/wp-content\/uploads\/2024\/08\/logo-std.png\",\"contentUrl\":\"https:\/\/std.com.co\/wp-content\/uploads\/2024\/08\/logo-std.png\",\"width\":675,\"height\":675,\"caption\":\"SMART TRAFFIC DEVICES\"},\"image\":{\"@id\":\"https:\/\/std.com.co\/#\/schema\/logo\/image\/\"},\"sameAs\":[\"https:\/\/www.facebook.com\/adiministraciontotal\",\"https:\/\/www.instagram.com\/std.col\/\"]}]}<\/script>\n<!-- \/ Yoast SEO plugin. -->","yoast_head_json":{"title":"Hito vial flexible - STD","description":"Somos Fabricantes Colombianos \/ Nuestro innovador Hito Vial, un destacado dispositivo para se\u00f1alizaci\u00f3n vial que act\u00faa como canalizador vehicular.","robots":{"index":"index","follow":"follow","max-snippet":"max-snippet:-1","max-image-preview":"max-image-preview:large","max-video-preview":"max-video-preview:-1"},"canonical":"https:\/\/std.com.co\/index.php\/producto\/hito-delineador-flexible\/","og_locale":"es_ES","og_type":"article","og_title":"Hito vial flexible - STD","og_description":"Somos Fabricantes Colombianos \/ Nuestro innovador Hito Vial, un destacado dispositivo para se\u00f1alizaci\u00f3n vial que act\u00faa como canalizador vehicular.","og_url":"https:\/\/std.com.co\/index.php\/producto\/hito-delineador-flexible\/","og_site_name":"STD","article_publisher":"https:\/\/www.facebook.com\/adiministraciontotal","article_modified_time":"2025-04-09T05:17:19+00:00","og_image":[{"width":1080,"height":1080,"url":"http:\/\/std.com.co\/wp-content\/uploads\/2023\/10\/hito-vial-flexible-con-cinta-reflectiva-senalizacion-y-seguridad-vial-somos-fabricantes-colombianos-hacemos-seguro-el-camino-hito-flexible-de-calidad-plus.jpg","type":"image\/jpeg"}],"twitter_card":"summary_large_image","twitter_misc":{"Tiempo de lectura":"2 minutos"},"schema":{"@context":"https:\/\/schema.org","@graph":[{"@type":"WebPage","@id":"https:\/\/std.com.co\/index.php\/producto\/hito-delineador-flexible\/","url":"https:\/\/std.com.co\/index.php\/producto\/hito-delineador-flexible\/","name":"Hito vial flexible - STD","isPartOf":{"@id":"https:\/\/std.com.co\/#website"},"primaryImageOfPage":{"@id":"https:\/\/std.com.co\/index.php\/producto\/hito-delineador-flexible\/#primaryimage"},"image":{"@id":"https:\/\/std.com.co\/index.php\/producto\/hito-delineador-flexible\/#primaryimage"},"thumbnailUrl":"https:\/\/std.com.co\/wp-content\/uploads\/2023\/10\/hito-vial-flexible-con-cinta-reflectiva-senalizacion-y-seguridad-vial-somos-fabricantes-colombianos-hacemos-seguro-el-camino-hito-flexible-de-calidad-plus.jpg","datePublished":"2023-10-12T21:41:05+00:00","dateModified":"2025-04-09T05:17:19+00:00","description":"Somos Fabricantes Colombianos \/ Nuestro innovador Hito Vial, un destacado dispositivo para se\u00f1alizaci\u00f3n vial que act\u00faa como canalizador vehicular.","breadcrumb":{"@id":"https:\/\/std.com.co\/index.php\/producto\/hito-delineador-flexible\/#breadcrumb"},"inLanguage":"es","potentialAction":[{"@type":"ReadAction","target":["https:\/\/std.com.co\/index.php\/producto\/hito-delineador-flexible\/"]}]},{"@type":"ImageObject","inLanguage":"es","@id":"https:\/\/std.com.co\/index.php\/producto\/hito-delineador-flexible\/#primaryimage","url":"https:\/\/std.com.co\/wp-content\/uploads\/2023\/10\/hito-vial-flexible-con-cinta-reflectiva-senalizacion-y-seguridad-vial-somos-fabricantes-colombianos-hacemos-seguro-el-camino-hito-flexible-de-calidad-plus.jpg","contentUrl":"https:\/\/std.com.co\/wp-content\/uploads\/2023\/10\/hito-vial-flexible-con-cinta-reflectiva-senalizacion-y-seguridad-vial-somos-fabricantes-colombianos-hacemos-seguro-el-camino-hito-flexible-de-calidad-plus.jpg","width":1080,"height":1080},{"@type":"BreadcrumbList","@id":"https:\/\/std.com.co\/index.php\/producto\/hito-delineador-flexible\/#breadcrumb","itemListElement":[{"@type":"ListItem","position":1,"name":"Portada","item":"https:\/\/std.com.co\/"},{"@type":"ListItem","position":2,"name":"Tienda","item":"https:\/\/std.com.co\/index.php\/tienda\/"},{"@type":"ListItem","position":3,"name":"Hito Vial"}]},{"@type":"WebSite","@id":"https:\/\/std.com.co\/#website","url":"https:\/\/std.com.co\/","name":"Smart Traffic Devices","description":"Somos Fabricantes Colombianos","publisher":{"@id":"https:\/\/std.com.co\/#organization"},"alternateName":"STD","potentialAction":[{"@type":"SearchAction","target":{"@type":"EntryPoint","urlTemplate":"https:\/\/std.com.co\/?s={search_term_string}"},"query-input":{"@type":"PropertyValueSpecification","valueRequired":true,"valueName":"search_term_string"}}],"inLanguage":"es"},{"@type":"Organization","@id":"https:\/\/std.com.co\/#organization","name":"SMART TRAFFIC DEVICES","url":"https:\/\/std.com.co\/","logo":{"@type":"ImageObject","inLanguage":"es","@id":"https:\/\/std.com.co\/#\/schema\/logo\/image\/","url":"https:\/\/std.com.co\/wp-content\/uploads\/2024\/08\/logo-std.png","contentUrl":"https:\/\/std.com.co\/wp-content\/uploads\/2024\/08\/logo-std.png","width":675,"height":675,"caption":"SMART TRAFFIC DEVICES"},"image":{"@id":"https:\/\/std.com.co\/#\/schema\/logo\/image\/"},"sameAs":["https:\/\/www.facebook.com\/adiministraciontotal","https:\/\/www.instagram.com\/std.col\/"]}]}},"jetpack_sharing_enabled":true,"_links":{"self":[{"href":"https:\/\/std.com.co\/index.php\/wp-json\/wp\/v2\/product\/583","targetHints":{"allow":["GET"]}}],"collection":[{"href":"https:\/\/std.com.co\/index.php\/wp-json\/wp\/v2\/product"}],"about":[{"href":"https:\/\/std.com.co\/index.php\/wp-json\/wp\/v2\/types\/product"}],"wp:featuredmedia":[{"embeddable":true,"href":"https:\/\/std.com.co\/index.php\/wp-json\/wp\/v2\/media\/1270"}],"wp:attachment":[{"href":"https:\/\/std.com.co\/index.php\/wp-json\/wp\/v2\/media?parent=583"}],"wp:term":[{"taxonomy":"product_brand","embeddable":true,"href":"https:\/\/std.com.co\/index.php\/wp-json\/wp\/v2\/product_brand?post=583"},{"taxonomy":"product_cat","embeddable":true,"href":"https:\/\/std.com.co\/index.php\/wp-json\/wp\/v2\/product_cat?post=583"},{"taxonomy":"product_tag","embeddable":true,"href":"https:\/\/std.com.co\/index.php\/wp-json\/wp\/v2\/product_tag?post=583"}],"curies":[{"name":"wp","href":"https:\/\/api.w.org\/{rel}","templated":true}]}}