{"id":575,"date":"2023-10-12T16:28:25","date_gmt":"2023-10-12T21:28:25","guid":{"rendered":"https:\/\/std.com.co\/?post_type=product&#038;p=575"},"modified":"2025-04-09T00:20:42","modified_gmt":"2025-04-09T05:20:42","slug":"tachon-vial","status":"publish","type":"product","link":"https:\/\/std.com.co\/index.php\/producto\/tachon-vial\/","title":{"rendered":"Tach\u00f3n vial"},"content":{"rendered":"<p><img decoding=\"async\" class=\"alignnone wp-image-308\" src=\"http:\/\/std.com.co\/wp-content\/uploads\/2023\/10\/iconos-productos-31.jpg\" alt=\"\" width=\"56\" height=\"45\" \/>\u00a0<span style=\"font-size: 16px;\"><strong>Dimensiones:\u00a0<\/strong><\/span><span style=\"font-size: 16px;\">40 x 15 x 8 Cm<\/span><\/p>\n<p><img decoding=\"async\" class=\"alignnone wp-image-309\" src=\"http:\/\/std.com.co\/wp-content\/uploads\/2023\/10\/iconos-productos-32.jpg\" alt=\"\" width=\"55\" height=\"45\" \/>\u00a0<span style=\"font-size: 16px;\"><strong>Peso:\u00a0<\/strong><\/span><span style=\"font-size: 16px;\">1 Kg<\/span><\/p>\n<p><img decoding=\"async\" class=\"alignnone wp-image-458\" src=\"http:\/\/std.com.co\/wp-content\/uploads\/2023\/10\/iconos-productos-04.png\" alt=\"\" width=\"53\" height=\"44\" \/>\u00a0<span style=\"font-size: 16px;\"><strong>Colores<\/strong> :\u00a0<\/span><span style=\"font-size: 16px;\">Amarillo, Otros bajo pedido<\/span><\/p>\n<p><img loading=\"lazy\" decoding=\"async\" class=\"alignnone wp-image-459\" src=\"http:\/\/std.com.co\/wp-content\/uploads\/2023\/10\/iconos-productos-05.png\" alt=\"\" width=\"53\" height=\"44\" \/>\u00a0<strong><span style=\"font-size: 16px;\">Empaque:\u00a0<\/span><\/strong><span style=\"font-size: 16px;\">lonas 80 x 40 x 24 cm 20 unidades por lona | 22 kg por lona<\/span><\/p>\n","protected":false},"excerpt":{"rendered":"<div class=\"page\" title=\"Page 1\">\n<div class=\"section\">\n<div class=\"layoutArea\">\n<div class=\"column\">\n<div class=\"page\" title=\"Page 1\">\n<div class=\"section\">\n<div class=\"layoutArea\">\n<div class=\"column\">\n<div class=\"page\" title=\"Page 1\">\n<div class=\"section\">\n<div class=\"layoutArea\">\n<div class=\"column\">\n<p>Descubre la excelencia en seguridad vial con nuestro Tacho Vial, una soluci\u00f3n de se\u00f1alizaci\u00f3n esencial para mejorar la visibilidad y la seguridad en carreteras y zonas de tr\u00e1nsito. Fabricado con materiales duraderos y dise\u00f1ado para resistir condiciones adversas, nuestro Tacho Vial ofrece una se\u00f1alizaci\u00f3n confiable y duradera. Con su dise\u00f1o innovador y reflectividad superior, nuestro Tacho Vial garantiza una visibilidad \u00f3ptima tanto de d\u00eda como de noche. Conf\u00eda en la calidad y eficacia de nuestro Tacho Vial para marcar la diferencia en tus proyectos viales. \u00a1Mejora la seguridad en las carreteras con nuestro Tacho Vial hoy mismo!<\/p>\n<\/div>\n<\/div>\n<\/div>\n<\/div>\n<\/div>\n<\/div>\n<\/div>\n<\/div>\n<\/div>\n<\/div>\n<\/div>\n<\/div>\n","protected":false},"featured_media":1274,"template":"","meta":{"_acf_changed":false,"site-sidebar-layout":"default","site-content-layout":"","ast-site-content-layout":"default","site-content-style":"default","site-sidebar-style":"default","ast-global-header-display":"","ast-banner-title-visibility":"","ast-main-header-display":"","ast-hfb-above-header-display":"","ast-hfb-below-header-display":"","ast-hfb-mobile-header-display":"","site-post-title":"","ast-breadcrumbs-content":"","ast-featured-img":"","footer-sml-layout":"","theme-transparent-header-meta":"default","adv-header-id-meta":"","stick-header-meta":"","header-above-stick-meta":"","header-main-stick-meta":"","header-below-stick-meta":"","astra-migrate-meta-layouts":"set","_joinchat":[]},"product_brand":[],"product_cat":[22],"product_tag":[],"class_list":{"0":"post-575","1":"product","2":"type-product","3":"status-publish","4":"has-post-thumbnail","6":"product_cat-sin-categorizar","7":"desktop-align-left","8":"tablet-align-left","9":"mobile-align-left","11":"first","12":"instock","13":"downloadable","14":"virtual","15":"product-type-simple"},"acf":[],"yoast_head":"<!-- This site is optimized with the Yoast SEO plugin v26.3 - https:\/\/yoast.com\/wordpress\/plugins\/seo\/ -->\n<title>Tach\u00f3n vial - STD<\/title>\n<meta name=\"description\" content=\"Fabricado con materiales duraderos y dise\u00f1ado para resistir condiciones adversas, nuestro Tacho Vial ofrece una se\u00f1alizaci\u00f3n confiable y duradera.\" \/>\n<meta name=\"robots\" content=\"index, follow, max-snippet:-1, max-image-preview:large, max-video-preview:-1\" \/>\n<link rel=\"canonical\" href=\"https:\/\/std.com.co\/index.php\/producto\/tachon-vial\/\" \/>\n<meta property=\"og:locale\" content=\"es_ES\" \/>\n<meta property=\"og:type\" content=\"article\" \/>\n<meta property=\"og:title\" content=\"Tach\u00f3n vial - STD\" \/>\n<meta property=\"og:description\" content=\"Fabricado con materiales duraderos y dise\u00f1ado para resistir condiciones adversas, nuestro Tacho Vial ofrece una se\u00f1alizaci\u00f3n confiable y duradera.\" \/>\n<meta property=\"og:url\" content=\"https:\/\/std.com.co\/index.php\/producto\/tachon-vial\/\" \/>\n<meta property=\"og:site_name\" content=\"STD\" \/>\n<meta property=\"article:publisher\" content=\"https:\/\/www.facebook.com\/adiministraciontotal\" \/>\n<meta property=\"article:modified_time\" content=\"2025-04-09T05:20:42+00:00\" \/>\n<meta property=\"og:image\" content=\"http:\/\/std.com.co\/wp-content\/uploads\/2023\/10\/tachon-o-bordillo-traspasable-fabricado-por-std-colombia1.jpg\" \/>\n\t<meta property=\"og:image:width\" content=\"1080\" \/>\n\t<meta property=\"og:image:height\" content=\"1080\" \/>\n\t<meta property=\"og:image:type\" content=\"image\/jpeg\" \/>\n<meta name=\"twitter:card\" content=\"summary_large_image\" \/>\n<meta name=\"twitter:label1\" content=\"Tiempo de lectura\" \/>\n\t<meta name=\"twitter:data1\" content=\"2 minutos\" \/>\n<script type=\"application\/ld+json\" class=\"yoast-schema-graph\">{\"@context\":\"https:\/\/schema.org\",\"@graph\":[{\"@type\":\"WebPage\",\"@id\":\"https:\/\/std.com.co\/index.php\/producto\/tachon-vial\/\",\"url\":\"https:\/\/std.com.co\/index.php\/producto\/tachon-vial\/\",\"name\":\"Tach\u00f3n vial - STD\",\"isPartOf\":{\"@id\":\"https:\/\/std.com.co\/#website\"},\"primaryImageOfPage\":{\"@id\":\"https:\/\/std.com.co\/index.php\/producto\/tachon-vial\/#primaryimage\"},\"image\":{\"@id\":\"https:\/\/std.com.co\/index.php\/producto\/tachon-vial\/#primaryimage\"},\"thumbnailUrl\":\"https:\/\/std.com.co\/wp-content\/uploads\/2023\/10\/tachon-o-bordillo-traspasable-fabricado-por-std-colombia1.jpg\",\"datePublished\":\"2023-10-12T21:28:25+00:00\",\"dateModified\":\"2025-04-09T05:20:42+00:00\",\"description\":\"Fabricado con materiales duraderos y dise\u00f1ado para resistir condiciones adversas, nuestro Tacho Vial ofrece una se\u00f1alizaci\u00f3n confiable y duradera.\",\"breadcrumb\":{\"@id\":\"https:\/\/std.com.co\/index.php\/producto\/tachon-vial\/#breadcrumb\"},\"inLanguage\":\"es\",\"potentialAction\":[{\"@type\":\"ReadAction\",\"target\":[\"https:\/\/std.com.co\/index.php\/producto\/tachon-vial\/\"]}]},{\"@type\":\"ImageObject\",\"inLanguage\":\"es\",\"@id\":\"https:\/\/std.com.co\/index.php\/producto\/tachon-vial\/#primaryimage\",\"url\":\"https:\/\/std.com.co\/wp-content\/uploads\/2023\/10\/tachon-o-bordillo-traspasable-fabricado-por-std-colombia1.jpg\",\"contentUrl\":\"https:\/\/std.com.co\/wp-content\/uploads\/2023\/10\/tachon-o-bordillo-traspasable-fabricado-por-std-colombia1.jpg\",\"width\":1080,\"height\":1080},{\"@type\":\"BreadcrumbList\",\"@id\":\"https:\/\/std.com.co\/index.php\/producto\/tachon-vial\/#breadcrumb\",\"itemListElement\":[{\"@type\":\"ListItem\",\"position\":1,\"name\":\"Portada\",\"item\":\"https:\/\/std.com.co\/\"},{\"@type\":\"ListItem\",\"position\":2,\"name\":\"Tienda\",\"item\":\"https:\/\/std.com.co\/index.php\/tienda\/\"},{\"@type\":\"ListItem\",\"position\":3,\"name\":\"Tach\u00f3n vial\"}]},{\"@type\":\"WebSite\",\"@id\":\"https:\/\/std.com.co\/#website\",\"url\":\"https:\/\/std.com.co\/\",\"name\":\"Smart Traffic Devices\",\"description\":\"Somos Fabricantes Colombianos\",\"publisher\":{\"@id\":\"https:\/\/std.com.co\/#organization\"},\"alternateName\":\"STD\",\"potentialAction\":[{\"@type\":\"SearchAction\",\"target\":{\"@type\":\"EntryPoint\",\"urlTemplate\":\"https:\/\/std.com.co\/?s={search_term_string}\"},\"query-input\":{\"@type\":\"PropertyValueSpecification\",\"valueRequired\":true,\"valueName\":\"search_term_string\"}}],\"inLanguage\":\"es\"},{\"@type\":\"Organization\",\"@id\":\"https:\/\/std.com.co\/#organization\",\"name\":\"SMART TRAFFIC DEVICES\",\"url\":\"https:\/\/std.com.co\/\",\"logo\":{\"@type\":\"ImageObject\",\"inLanguage\":\"es\",\"@id\":\"https:\/\/std.com.co\/#\/schema\/logo\/image\/\",\"url\":\"https:\/\/std.com.co\/wp-content\/uploads\/2024\/08\/logo-std.png\",\"contentUrl\":\"https:\/\/std.com.co\/wp-content\/uploads\/2024\/08\/logo-std.png\",\"width\":675,\"height\":675,\"caption\":\"SMART TRAFFIC DEVICES\"},\"image\":{\"@id\":\"https:\/\/std.com.co\/#\/schema\/logo\/image\/\"},\"sameAs\":[\"https:\/\/www.facebook.com\/adiministraciontotal\",\"https:\/\/www.instagram.com\/std.col\/\"]}]}<\/script>\n<!-- \/ Yoast SEO plugin. -->","yoast_head_json":{"title":"Tach\u00f3n vial - STD","description":"Fabricado con materiales duraderos y dise\u00f1ado para resistir condiciones adversas, nuestro Tacho Vial ofrece una se\u00f1alizaci\u00f3n confiable y duradera.","robots":{"index":"index","follow":"follow","max-snippet":"max-snippet:-1","max-image-preview":"max-image-preview:large","max-video-preview":"max-video-preview:-1"},"canonical":"https:\/\/std.com.co\/index.php\/producto\/tachon-vial\/","og_locale":"es_ES","og_type":"article","og_title":"Tach\u00f3n vial - STD","og_description":"Fabricado con materiales duraderos y dise\u00f1ado para resistir condiciones adversas, nuestro Tacho Vial ofrece una se\u00f1alizaci\u00f3n confiable y duradera.","og_url":"https:\/\/std.com.co\/index.php\/producto\/tachon-vial\/","og_site_name":"STD","article_publisher":"https:\/\/www.facebook.com\/adiministraciontotal","article_modified_time":"2025-04-09T05:20:42+00:00","og_image":[{"width":1080,"height":1080,"url":"http:\/\/std.com.co\/wp-content\/uploads\/2023\/10\/tachon-o-bordillo-traspasable-fabricado-por-std-colombia1.jpg","type":"image\/jpeg"}],"twitter_card":"summary_large_image","twitter_misc":{"Tiempo de lectura":"2 minutos"},"schema":{"@context":"https:\/\/schema.org","@graph":[{"@type":"WebPage","@id":"https:\/\/std.com.co\/index.php\/producto\/tachon-vial\/","url":"https:\/\/std.com.co\/index.php\/producto\/tachon-vial\/","name":"Tach\u00f3n vial - STD","isPartOf":{"@id":"https:\/\/std.com.co\/#website"},"primaryImageOfPage":{"@id":"https:\/\/std.com.co\/index.php\/producto\/tachon-vial\/#primaryimage"},"image":{"@id":"https:\/\/std.com.co\/index.php\/producto\/tachon-vial\/#primaryimage"},"thumbnailUrl":"https:\/\/std.com.co\/wp-content\/uploads\/2023\/10\/tachon-o-bordillo-traspasable-fabricado-por-std-colombia1.jpg","datePublished":"2023-10-12T21:28:25+00:00","dateModified":"2025-04-09T05:20:42+00:00","description":"Fabricado con materiales duraderos y dise\u00f1ado para resistir condiciones adversas, nuestro Tacho Vial ofrece una se\u00f1alizaci\u00f3n confiable y duradera.","breadcrumb":{"@id":"https:\/\/std.com.co\/index.php\/producto\/tachon-vial\/#breadcrumb"},"inLanguage":"es","potentialAction":[{"@type":"ReadAction","target":["https:\/\/std.com.co\/index.php\/producto\/tachon-vial\/"]}]},{"@type":"ImageObject","inLanguage":"es","@id":"https:\/\/std.com.co\/index.php\/producto\/tachon-vial\/#primaryimage","url":"https:\/\/std.com.co\/wp-content\/uploads\/2023\/10\/tachon-o-bordillo-traspasable-fabricado-por-std-colombia1.jpg","contentUrl":"https:\/\/std.com.co\/wp-content\/uploads\/2023\/10\/tachon-o-bordillo-traspasable-fabricado-por-std-colombia1.jpg","width":1080,"height":1080},{"@type":"BreadcrumbList","@id":"https:\/\/std.com.co\/index.php\/producto\/tachon-vial\/#breadcrumb","itemListElement":[{"@type":"ListItem","position":1,"name":"Portada","item":"https:\/\/std.com.co\/"},{"@type":"ListItem","position":2,"name":"Tienda","item":"https:\/\/std.com.co\/index.php\/tienda\/"},{"@type":"ListItem","position":3,"name":"Tach\u00f3n vial"}]},{"@type":"WebSite","@id":"https:\/\/std.com.co\/#website","url":"https:\/\/std.com.co\/","name":"Smart Traffic Devices","description":"Somos Fabricantes Colombianos","publisher":{"@id":"https:\/\/std.com.co\/#organization"},"alternateName":"STD","potentialAction":[{"@type":"SearchAction","target":{"@type":"EntryPoint","urlTemplate":"https:\/\/std.com.co\/?s={search_term_string}"},"query-input":{"@type":"PropertyValueSpecification","valueRequired":true,"valueName":"search_term_string"}}],"inLanguage":"es"},{"@type":"Organization","@id":"https:\/\/std.com.co\/#organization","name":"SMART TRAFFIC DEVICES","url":"https:\/\/std.com.co\/","logo":{"@type":"ImageObject","inLanguage":"es","@id":"https:\/\/std.com.co\/#\/schema\/logo\/image\/","url":"https:\/\/std.com.co\/wp-content\/uploads\/2024\/08\/logo-std.png","contentUrl":"https:\/\/std.com.co\/wp-content\/uploads\/2024\/08\/logo-std.png","width":675,"height":675,"caption":"SMART TRAFFIC DEVICES"},"image":{"@id":"https:\/\/std.com.co\/#\/schema\/logo\/image\/"},"sameAs":["https:\/\/www.facebook.com\/adiministraciontotal","https:\/\/www.instagram.com\/std.col\/"]}]}},"jetpack_sharing_enabled":true,"_links":{"self":[{"href":"https:\/\/std.com.co\/index.php\/wp-json\/wp\/v2\/product\/575","targetHints":{"allow":["GET"]}}],"collection":[{"href":"https:\/\/std.com.co\/index.php\/wp-json\/wp\/v2\/product"}],"about":[{"href":"https:\/\/std.com.co\/index.php\/wp-json\/wp\/v2\/types\/product"}],"wp:featuredmedia":[{"embeddable":true,"href":"https:\/\/std.com.co\/index.php\/wp-json\/wp\/v2\/media\/1274"}],"wp:attachment":[{"href":"https:\/\/std.com.co\/index.php\/wp-json\/wp\/v2\/media?parent=575"}],"wp:term":[{"taxonomy":"product_brand","embeddable":true,"href":"https:\/\/std.com.co\/index.php\/wp-json\/wp\/v2\/product_brand?post=575"},{"taxonomy":"product_cat","embeddable":true,"href":"https:\/\/std.com.co\/index.php\/wp-json\/wp\/v2\/product_cat?post=575"},{"taxonomy":"product_tag","embeddable":true,"href":"https:\/\/std.com.co\/index.php\/wp-json\/wp\/v2\/product_tag?post=575"}],"curies":[{"name":"wp","href":"https:\/\/api.w.org\/{rel}","templated":true}]}}