{"id":566,"date":"2023-10-12T15:56:25","date_gmt":"2023-10-12T20:56:25","guid":{"rendered":"https:\/\/std.com.co\/?post_type=product&#038;p=566"},"modified":"2025-04-08T23:53:21","modified_gmt":"2025-04-09T04:53:21","slug":"tacha-vial","status":"publish","type":"product","link":"https:\/\/std.com.co\/index.php\/producto\/tacha-vial\/","title":{"rendered":"Tacha vial"},"content":{"rendered":"<p><img decoding=\"async\" class=\"alignnone wp-image-308\" src=\"http:\/\/std.com.co\/wp-content\/uploads\/2023\/10\/iconos-productos-31.jpg\" alt=\"\" width=\"56\" height=\"45\" \/>\u00a0<span style=\"font-size: 16px;\"><strong>Dimensiones:<\/strong>\u00a0<\/span><span style=\"font-size: 16px;\">10 X 9 X 2 Cm<\/span><\/p>\n<p><img decoding=\"async\" class=\"alignnone wp-image-309\" src=\"http:\/\/std.com.co\/wp-content\/uploads\/2023\/10\/iconos-productos-32.jpg\" alt=\"\" width=\"55\" height=\"45\" \/>\u00a0<span style=\"font-size: 16px;\"><strong>Peso:<\/strong>\u00a0<\/span><span style=\"font-size: 16px;\">90 Gr<\/span><\/p>\n<p><img decoding=\"async\" class=\"alignnone wp-image-458\" src=\"http:\/\/std.com.co\/wp-content\/uploads\/2023\/10\/iconos-productos-04.png\" alt=\"\" width=\"53\" height=\"44\" \/>\u00a0<span style=\"font-size: 16px;\"><strong>Colores<\/strong> :\u00a0<\/span><span style=\"font-size: 16px;\">Amarilla | Blanca | Blanca-roja \u00a0Otros bajo pedido<\/span><\/p>\n<p><img loading=\"lazy\" decoding=\"async\" class=\"alignnone wp-image-459\" src=\"http:\/\/std.com.co\/wp-content\/uploads\/2023\/10\/iconos-productos-05.png\" alt=\"\" width=\"53\" height=\"44\" \/>\u00a0<strong><span style=\"font-size: 16px;\">Empaque:\u00a0<\/span><\/strong><span style=\"font-size: 16px;\">60 x 40 x 35 cm | 200 und por caja 20 Kg por caja<\/span><\/p>\n","protected":false},"excerpt":{"rendered":"<div class=\"page\" title=\"Page 1\">\n<div class=\"section\">\n<div class=\"layoutArea\">\n<div class=\"column\">\n<div class=\"page\" title=\"Page 1\">\n<div class=\"section\">\n<div class=\"layoutArea\">\n<div class=\"column\">\n<p>Mejora la se\u00f1alizaci\u00f3n vial con nuestra Tacha Vial, un dispositivo que complementa la demarcaci\u00f3n de carreteras con pintura. Esta tacha reflectiva se instala en superficies de asfalto, concreto, entre otras, para reforzar la visibilidad durante la noche o en condiciones de poca visibilidad. Potencia la seguridad vial con la calidad y efectividad de nuestra Tacha Vial. \u00a1Asegura una demarcaci\u00f3n clara y visible en tus proyectos viales hoy mismo.<\/p>\n<\/div>\n<\/div>\n<\/div>\n<\/div>\n<\/div>\n<\/div>\n<\/div>\n<\/div>\n","protected":false},"featured_media":1252,"template":"","meta":{"_acf_changed":false,"site-sidebar-layout":"default","site-content-layout":"","ast-site-content-layout":"default","site-content-style":"default","site-sidebar-style":"default","ast-global-header-display":"","ast-banner-title-visibility":"","ast-main-header-display":"","ast-hfb-above-header-display":"","ast-hfb-below-header-display":"","ast-hfb-mobile-header-display":"","site-post-title":"","ast-breadcrumbs-content":"","ast-featured-img":"","footer-sml-layout":"","theme-transparent-header-meta":"default","adv-header-id-meta":"","stick-header-meta":"","header-above-stick-meta":"","header-main-stick-meta":"","header-below-stick-meta":"","astra-migrate-meta-layouts":"set","_joinchat":[]},"product_brand":[],"product_cat":[22],"product_tag":[],"class_list":{"0":"post-566","1":"product","2":"type-product","3":"status-publish","4":"has-post-thumbnail","6":"product_cat-sin-categorizar","7":"desktop-align-left","8":"tablet-align-left","9":"mobile-align-left","11":"first","12":"instock","13":"downloadable","14":"shipping-taxable","15":"product-type-simple"},"acf":[],"yoast_head":"<!-- This site is optimized with the Yoast SEO plugin v26.3 - https:\/\/yoast.com\/wordpress\/plugins\/seo\/ -->\n<title>Tacha vial - STD<\/title>\n<meta name=\"description\" content=\"La tacha vial reflectiva se instala en superficies de asfalto, concreto, entre otras, para reforzar la visibilidad durante la noche o poca visibilidad.\" \/>\n<meta name=\"robots\" content=\"index, follow, max-snippet:-1, max-image-preview:large, max-video-preview:-1\" \/>\n<link rel=\"canonical\" href=\"https:\/\/std.com.co\/index.php\/producto\/tacha-vial\/\" \/>\n<meta property=\"og:locale\" content=\"es_ES\" \/>\n<meta property=\"og:type\" content=\"article\" \/>\n<meta property=\"og:title\" content=\"Tacha vial - STD\" \/>\n<meta property=\"og:description\" content=\"La tacha vial reflectiva se instala en superficies de asfalto, concreto, entre otras, para reforzar la visibilidad durante la noche o poca visibilidad.\" \/>\n<meta property=\"og:url\" content=\"https:\/\/std.com.co\/index.php\/producto\/tacha-vial\/\" \/>\n<meta property=\"og:site_name\" content=\"STD\" \/>\n<meta property=\"article:publisher\" content=\"https:\/\/www.facebook.com\/adiministraciontotal\" \/>\n<meta property=\"article:modified_time\" content=\"2025-04-09T04:53:21+00:00\" \/>\n<meta property=\"og:image\" content=\"http:\/\/std.com.co\/wp-content\/uploads\/2023\/10\/tacha-con-espigo-y-sin-espigo-con-reflectivo-nanoprismatico-std-cumplen-con-la-norma.jpg\" \/>\n\t<meta property=\"og:image:width\" content=\"1080\" \/>\n\t<meta property=\"og:image:height\" content=\"1080\" \/>\n\t<meta property=\"og:image:type\" content=\"image\/jpeg\" \/>\n<meta name=\"twitter:card\" content=\"summary_large_image\" \/>\n<meta name=\"twitter:label1\" content=\"Tiempo de lectura\" \/>\n\t<meta name=\"twitter:data1\" content=\"2 minutos\" \/>\n<script type=\"application\/ld+json\" class=\"yoast-schema-graph\">{\"@context\":\"https:\/\/schema.org\",\"@graph\":[{\"@type\":\"WebPage\",\"@id\":\"https:\/\/std.com.co\/index.php\/producto\/tacha-vial\/\",\"url\":\"https:\/\/std.com.co\/index.php\/producto\/tacha-vial\/\",\"name\":\"Tacha vial - STD\",\"isPartOf\":{\"@id\":\"https:\/\/std.com.co\/#website\"},\"primaryImageOfPage\":{\"@id\":\"https:\/\/std.com.co\/index.php\/producto\/tacha-vial\/#primaryimage\"},\"image\":{\"@id\":\"https:\/\/std.com.co\/index.php\/producto\/tacha-vial\/#primaryimage\"},\"thumbnailUrl\":\"https:\/\/std.com.co\/wp-content\/uploads\/2023\/10\/tacha-con-espigo-y-sin-espigo-con-reflectivo-nanoprismatico-std-cumplen-con-la-norma.jpg\",\"datePublished\":\"2023-10-12T20:56:25+00:00\",\"dateModified\":\"2025-04-09T04:53:21+00:00\",\"description\":\"La tacha vial reflectiva se instala en superficies de asfalto, concreto, entre otras, para reforzar la visibilidad durante la noche o poca visibilidad.\",\"breadcrumb\":{\"@id\":\"https:\/\/std.com.co\/index.php\/producto\/tacha-vial\/#breadcrumb\"},\"inLanguage\":\"es\",\"potentialAction\":[{\"@type\":\"ReadAction\",\"target\":[\"https:\/\/std.com.co\/index.php\/producto\/tacha-vial\/\"]}]},{\"@type\":\"ImageObject\",\"inLanguage\":\"es\",\"@id\":\"https:\/\/std.com.co\/index.php\/producto\/tacha-vial\/#primaryimage\",\"url\":\"https:\/\/std.com.co\/wp-content\/uploads\/2023\/10\/tacha-con-espigo-y-sin-espigo-con-reflectivo-nanoprismatico-std-cumplen-con-la-norma.jpg\",\"contentUrl\":\"https:\/\/std.com.co\/wp-content\/uploads\/2023\/10\/tacha-con-espigo-y-sin-espigo-con-reflectivo-nanoprismatico-std-cumplen-con-la-norma.jpg\",\"width\":1080,\"height\":1080},{\"@type\":\"BreadcrumbList\",\"@id\":\"https:\/\/std.com.co\/index.php\/producto\/tacha-vial\/#breadcrumb\",\"itemListElement\":[{\"@type\":\"ListItem\",\"position\":1,\"name\":\"Portada\",\"item\":\"https:\/\/std.com.co\/\"},{\"@type\":\"ListItem\",\"position\":2,\"name\":\"Tienda\",\"item\":\"https:\/\/std.com.co\/index.php\/tienda\/\"},{\"@type\":\"ListItem\",\"position\":3,\"name\":\"Tacha vial\"}]},{\"@type\":\"WebSite\",\"@id\":\"https:\/\/std.com.co\/#website\",\"url\":\"https:\/\/std.com.co\/\",\"name\":\"Smart Traffic Devices\",\"description\":\"Somos Fabricantes Colombianos\",\"publisher\":{\"@id\":\"https:\/\/std.com.co\/#organization\"},\"alternateName\":\"STD\",\"potentialAction\":[{\"@type\":\"SearchAction\",\"target\":{\"@type\":\"EntryPoint\",\"urlTemplate\":\"https:\/\/std.com.co\/?s={search_term_string}\"},\"query-input\":{\"@type\":\"PropertyValueSpecification\",\"valueRequired\":true,\"valueName\":\"search_term_string\"}}],\"inLanguage\":\"es\"},{\"@type\":\"Organization\",\"@id\":\"https:\/\/std.com.co\/#organization\",\"name\":\"SMART TRAFFIC DEVICES\",\"url\":\"https:\/\/std.com.co\/\",\"logo\":{\"@type\":\"ImageObject\",\"inLanguage\":\"es\",\"@id\":\"https:\/\/std.com.co\/#\/schema\/logo\/image\/\",\"url\":\"https:\/\/std.com.co\/wp-content\/uploads\/2024\/08\/logo-std.png\",\"contentUrl\":\"https:\/\/std.com.co\/wp-content\/uploads\/2024\/08\/logo-std.png\",\"width\":675,\"height\":675,\"caption\":\"SMART TRAFFIC DEVICES\"},\"image\":{\"@id\":\"https:\/\/std.com.co\/#\/schema\/logo\/image\/\"},\"sameAs\":[\"https:\/\/www.facebook.com\/adiministraciontotal\",\"https:\/\/www.instagram.com\/std.col\/\"]}]}<\/script>\n<!-- \/ Yoast SEO plugin. -->","yoast_head_json":{"title":"Tacha vial - STD","description":"La tacha vial reflectiva se instala en superficies de asfalto, concreto, entre otras, para reforzar la visibilidad durante la noche o poca visibilidad.","robots":{"index":"index","follow":"follow","max-snippet":"max-snippet:-1","max-image-preview":"max-image-preview:large","max-video-preview":"max-video-preview:-1"},"canonical":"https:\/\/std.com.co\/index.php\/producto\/tacha-vial\/","og_locale":"es_ES","og_type":"article","og_title":"Tacha vial - STD","og_description":"La tacha vial reflectiva se instala en superficies de asfalto, concreto, entre otras, para reforzar la visibilidad durante la noche o poca visibilidad.","og_url":"https:\/\/std.com.co\/index.php\/producto\/tacha-vial\/","og_site_name":"STD","article_publisher":"https:\/\/www.facebook.com\/adiministraciontotal","article_modified_time":"2025-04-09T04:53:21+00:00","og_image":[{"width":1080,"height":1080,"url":"http:\/\/std.com.co\/wp-content\/uploads\/2023\/10\/tacha-con-espigo-y-sin-espigo-con-reflectivo-nanoprismatico-std-cumplen-con-la-norma.jpg","type":"image\/jpeg"}],"twitter_card":"summary_large_image","twitter_misc":{"Tiempo de lectura":"2 minutos"},"schema":{"@context":"https:\/\/schema.org","@graph":[{"@type":"WebPage","@id":"https:\/\/std.com.co\/index.php\/producto\/tacha-vial\/","url":"https:\/\/std.com.co\/index.php\/producto\/tacha-vial\/","name":"Tacha vial - STD","isPartOf":{"@id":"https:\/\/std.com.co\/#website"},"primaryImageOfPage":{"@id":"https:\/\/std.com.co\/index.php\/producto\/tacha-vial\/#primaryimage"},"image":{"@id":"https:\/\/std.com.co\/index.php\/producto\/tacha-vial\/#primaryimage"},"thumbnailUrl":"https:\/\/std.com.co\/wp-content\/uploads\/2023\/10\/tacha-con-espigo-y-sin-espigo-con-reflectivo-nanoprismatico-std-cumplen-con-la-norma.jpg","datePublished":"2023-10-12T20:56:25+00:00","dateModified":"2025-04-09T04:53:21+00:00","description":"La tacha vial reflectiva se instala en superficies de asfalto, concreto, entre otras, para reforzar la visibilidad durante la noche o poca visibilidad.","breadcrumb":{"@id":"https:\/\/std.com.co\/index.php\/producto\/tacha-vial\/#breadcrumb"},"inLanguage":"es","potentialAction":[{"@type":"ReadAction","target":["https:\/\/std.com.co\/index.php\/producto\/tacha-vial\/"]}]},{"@type":"ImageObject","inLanguage":"es","@id":"https:\/\/std.com.co\/index.php\/producto\/tacha-vial\/#primaryimage","url":"https:\/\/std.com.co\/wp-content\/uploads\/2023\/10\/tacha-con-espigo-y-sin-espigo-con-reflectivo-nanoprismatico-std-cumplen-con-la-norma.jpg","contentUrl":"https:\/\/std.com.co\/wp-content\/uploads\/2023\/10\/tacha-con-espigo-y-sin-espigo-con-reflectivo-nanoprismatico-std-cumplen-con-la-norma.jpg","width":1080,"height":1080},{"@type":"BreadcrumbList","@id":"https:\/\/std.com.co\/index.php\/producto\/tacha-vial\/#breadcrumb","itemListElement":[{"@type":"ListItem","position":1,"name":"Portada","item":"https:\/\/std.com.co\/"},{"@type":"ListItem","position":2,"name":"Tienda","item":"https:\/\/std.com.co\/index.php\/tienda\/"},{"@type":"ListItem","position":3,"name":"Tacha vial"}]},{"@type":"WebSite","@id":"https:\/\/std.com.co\/#website","url":"https:\/\/std.com.co\/","name":"Smart Traffic Devices","description":"Somos Fabricantes Colombianos","publisher":{"@id":"https:\/\/std.com.co\/#organization"},"alternateName":"STD","potentialAction":[{"@type":"SearchAction","target":{"@type":"EntryPoint","urlTemplate":"https:\/\/std.com.co\/?s={search_term_string}"},"query-input":{"@type":"PropertyValueSpecification","valueRequired":true,"valueName":"search_term_string"}}],"inLanguage":"es"},{"@type":"Organization","@id":"https:\/\/std.com.co\/#organization","name":"SMART TRAFFIC DEVICES","url":"https:\/\/std.com.co\/","logo":{"@type":"ImageObject","inLanguage":"es","@id":"https:\/\/std.com.co\/#\/schema\/logo\/image\/","url":"https:\/\/std.com.co\/wp-content\/uploads\/2024\/08\/logo-std.png","contentUrl":"https:\/\/std.com.co\/wp-content\/uploads\/2024\/08\/logo-std.png","width":675,"height":675,"caption":"SMART TRAFFIC DEVICES"},"image":{"@id":"https:\/\/std.com.co\/#\/schema\/logo\/image\/"},"sameAs":["https:\/\/www.facebook.com\/adiministraciontotal","https:\/\/www.instagram.com\/std.col\/"]}]}},"jetpack_sharing_enabled":true,"_links":{"self":[{"href":"https:\/\/std.com.co\/index.php\/wp-json\/wp\/v2\/product\/566","targetHints":{"allow":["GET"]}}],"collection":[{"href":"https:\/\/std.com.co\/index.php\/wp-json\/wp\/v2\/product"}],"about":[{"href":"https:\/\/std.com.co\/index.php\/wp-json\/wp\/v2\/types\/product"}],"wp:featuredmedia":[{"embeddable":true,"href":"https:\/\/std.com.co\/index.php\/wp-json\/wp\/v2\/media\/1252"}],"wp:attachment":[{"href":"https:\/\/std.com.co\/index.php\/wp-json\/wp\/v2\/media?parent=566"}],"wp:term":[{"taxonomy":"product_brand","embeddable":true,"href":"https:\/\/std.com.co\/index.php\/wp-json\/wp\/v2\/product_brand?post=566"},{"taxonomy":"product_cat","embeddable":true,"href":"https:\/\/std.com.co\/index.php\/wp-json\/wp\/v2\/product_cat?post=566"},{"taxonomy":"product_tag","embeddable":true,"href":"https:\/\/std.com.co\/index.php\/wp-json\/wp\/v2\/product_tag?post=566"}],"curies":[{"name":"wp","href":"https:\/\/api.w.org\/{rel}","templated":true}]}}