{"id":1287,"date":"2025-04-09T01:04:04","date_gmt":"2025-04-09T06:04:04","guid":{"rendered":"https:\/\/std.com.co\/?post_type=product&#038;p=1287"},"modified":"2025-04-09T01:04:04","modified_gmt":"2025-04-09T06:04:04","slug":"barrera-vial","status":"publish","type":"product","link":"https:\/\/std.com.co\/index.php\/producto\/barrera-vial\/","title":{"rendered":"Barrera vial std"},"content":{"rendered":"<p><img decoding=\"async\" class=\"alignnone wp-image-308\" src=\"http:\/\/std.com.co\/wp-content\/uploads\/2023\/10\/iconos-productos-31.jpg\" alt=\"\" width=\"56\" height=\"45\" \/>\u00a0<span style=\"font-size: 16px;\"><strong>Dimensiones: <\/strong>Ancho: 2M Alto: 1M<\/span><\/p>\n<p><img decoding=\"async\" class=\"alignnone wp-image-309\" src=\"http:\/\/std.com.co\/wp-content\/uploads\/2023\/10\/iconos-productos-32.jpg\" alt=\"\" width=\"55\" height=\"45\" \/>\u00a0<span style=\"font-size: 16px;\"><strong>Peso: <\/strong>18 KG<\/span><\/p>\n<p><img decoding=\"async\" class=\"alignnone wp-image-458\" src=\"http:\/\/std.com.co\/wp-content\/uploads\/2023\/10\/iconos-productos-04.png\" alt=\"\" width=\"53\" height=\"44\" \/>\u00a0<b>Color<\/b><span style=\"font-size: 16px;\">: Naranja<\/span><\/p>\n","protected":false},"excerpt":{"rendered":"<p class=\"p1\"><span class=\"s1\">Fabricada en polietileno de alta resistencia con protector UV, <\/span><span class=\"s1\">color Naranja con cintas reflectivas blancas micro prism\u00e1ticas <\/span><span class=\"s1\">tipo 3 de alta intensidad. Apto para contener agua y arena, <\/span><span class=\"s1\">con dos entradas para mover con montacargas.<\/span><\/p>\n<p class=\"p2\"><span class=\"s1\">El movimiento debe estar sujeto a la m\u00e1xima capacidad <\/span><span class=\"s1\">que soporta la barrera en movimiento din\u00e1mico <\/span><span class=\"s1\">m\u00e1ximo 200 kg.<\/span><\/p>\n<p class=\"p1\"><span class=\"s1\">\u00a0<\/span><\/p>\n","protected":false},"featured_media":1289,"template":"","meta":{"_acf_changed":false,"site-sidebar-layout":"default","site-content-layout":"","ast-site-content-layout":"default","site-content-style":"default","site-sidebar-style":"default","ast-global-header-display":"","ast-banner-title-visibility":"","ast-main-header-display":"","ast-hfb-above-header-display":"","ast-hfb-below-header-display":"","ast-hfb-mobile-header-display":"","site-post-title":"","ast-breadcrumbs-content":"","ast-featured-img":"","footer-sml-layout":"","theme-transparent-header-meta":"default","adv-header-id-meta":"","stick-header-meta":"","header-above-stick-meta":"","header-main-stick-meta":"","header-below-stick-meta":"","astra-migrate-meta-layouts":"set","_joinchat":[]},"product_brand":[],"product_cat":[22],"product_tag":[],"class_list":{"0":"post-1287","1":"product","2":"type-product","3":"status-publish","4":"has-post-thumbnail","6":"product_cat-sin-categorizar","7":"desktop-align-left","8":"tablet-align-left","9":"mobile-align-left","11":"first","12":"instock","13":"downloadable","14":"shipping-taxable","15":"product-type-simple"},"acf":[],"yoast_head":"<!-- This site is optimized with the Yoast SEO plugin v26.3 - https:\/\/yoast.com\/wordpress\/plugins\/seo\/ -->\n<title>Barrera vial std - STD<\/title>\n<meta name=\"description\" content=\"El sistema est\u00e1 compuesto por m\u00f3dulos independientes que se pueden ensamblar uno con otro, logrando as\u00ed delimitaciones continuas en largos recorridos.Fabricada en polietileno de alta resistencia con protector UV, color Naranja con cintas reflectivas blancas micro prism\u00e1ticas tipo 3 de alta intensidad. Apto para contener agua y arena, con dos entradas para mover con montacargas.\" \/>\n<meta name=\"robots\" content=\"index, follow, max-snippet:-1, max-image-preview:large, max-video-preview:-1\" \/>\n<link rel=\"canonical\" href=\"https:\/\/std.com.co\/index.php\/producto\/barrera-vial\/\" \/>\n<meta property=\"og:locale\" content=\"es_ES\" \/>\n<meta property=\"og:type\" content=\"article\" \/>\n<meta property=\"og:title\" content=\"Barrera vial std - STD\" \/>\n<meta property=\"og:description\" content=\"El sistema est\u00e1 compuesto por m\u00f3dulos independientes que se pueden ensamblar uno con otro, logrando as\u00ed delimitaciones continuas en largos recorridos.Fabricada en polietileno de alta resistencia con protector UV, color Naranja con cintas reflectivas blancas micro prism\u00e1ticas tipo 3 de alta intensidad. Apto para contener agua y arena, con dos entradas para mover con montacargas.\" \/>\n<meta property=\"og:url\" content=\"https:\/\/std.com.co\/index.php\/producto\/barrera-vial\/\" \/>\n<meta property=\"og:site_name\" content=\"STD\" \/>\n<meta property=\"article:publisher\" content=\"https:\/\/www.facebook.com\/adiministraciontotal\" \/>\n<meta property=\"og:image\" content=\"http:\/\/std.com.co\/wp-content\/uploads\/2025\/04\/barrea-vial-std-somos-fabricantes-colombianos-de-dispositivos-para-senalizacion-y-seguridad-vial.jpg\" \/>\n\t<meta property=\"og:image:width\" content=\"1080\" \/>\n\t<meta property=\"og:image:height\" content=\"1080\" \/>\n\t<meta property=\"og:image:type\" content=\"image\/jpeg\" \/>\n<meta name=\"twitter:card\" content=\"summary_large_image\" \/>\n<meta name=\"twitter:label1\" content=\"Tiempo de lectura\" \/>\n\t<meta name=\"twitter:data1\" content=\"1 minuto\" \/>\n<script type=\"application\/ld+json\" class=\"yoast-schema-graph\">{\"@context\":\"https:\/\/schema.org\",\"@graph\":[{\"@type\":\"WebPage\",\"@id\":\"https:\/\/std.com.co\/index.php\/producto\/barrera-vial\/\",\"url\":\"https:\/\/std.com.co\/index.php\/producto\/barrera-vial\/\",\"name\":\"Barrera vial std - STD\",\"isPartOf\":{\"@id\":\"https:\/\/std.com.co\/#website\"},\"primaryImageOfPage\":{\"@id\":\"https:\/\/std.com.co\/index.php\/producto\/barrera-vial\/#primaryimage\"},\"image\":{\"@id\":\"https:\/\/std.com.co\/index.php\/producto\/barrera-vial\/#primaryimage\"},\"thumbnailUrl\":\"https:\/\/std.com.co\/wp-content\/uploads\/2025\/04\/barrea-vial-std-somos-fabricantes-colombianos-de-dispositivos-para-senalizacion-y-seguridad-vial.jpg\",\"datePublished\":\"2025-04-09T06:04:04+00:00\",\"description\":\"El sistema est\u00e1 compuesto por m\u00f3dulos independientes que se pueden ensamblar uno con otro, logrando as\u00ed delimitaciones continuas en largos recorridos.Fabricada en polietileno de alta resistencia con protector UV, color Naranja con cintas reflectivas blancas micro prism\u00e1ticas tipo 3 de alta intensidad. Apto para contener agua y arena, con dos entradas para mover con montacargas.\",\"breadcrumb\":{\"@id\":\"https:\/\/std.com.co\/index.php\/producto\/barrera-vial\/#breadcrumb\"},\"inLanguage\":\"es\",\"potentialAction\":[{\"@type\":\"ReadAction\",\"target\":[\"https:\/\/std.com.co\/index.php\/producto\/barrera-vial\/\"]}]},{\"@type\":\"ImageObject\",\"inLanguage\":\"es\",\"@id\":\"https:\/\/std.com.co\/index.php\/producto\/barrera-vial\/#primaryimage\",\"url\":\"https:\/\/std.com.co\/wp-content\/uploads\/2025\/04\/barrea-vial-std-somos-fabricantes-colombianos-de-dispositivos-para-senalizacion-y-seguridad-vial.jpg\",\"contentUrl\":\"https:\/\/std.com.co\/wp-content\/uploads\/2025\/04\/barrea-vial-std-somos-fabricantes-colombianos-de-dispositivos-para-senalizacion-y-seguridad-vial.jpg\",\"width\":1080,\"height\":1080},{\"@type\":\"BreadcrumbList\",\"@id\":\"https:\/\/std.com.co\/index.php\/producto\/barrera-vial\/#breadcrumb\",\"itemListElement\":[{\"@type\":\"ListItem\",\"position\":1,\"name\":\"Portada\",\"item\":\"https:\/\/std.com.co\/\"},{\"@type\":\"ListItem\",\"position\":2,\"name\":\"Tienda\",\"item\":\"https:\/\/std.com.co\/index.php\/tienda\/\"},{\"@type\":\"ListItem\",\"position\":3,\"name\":\"Barrera vial std\"}]},{\"@type\":\"WebSite\",\"@id\":\"https:\/\/std.com.co\/#website\",\"url\":\"https:\/\/std.com.co\/\",\"name\":\"Smart Traffic Devices\",\"description\":\"Somos Fabricantes Colombianos\",\"publisher\":{\"@id\":\"https:\/\/std.com.co\/#organization\"},\"alternateName\":\"STD\",\"potentialAction\":[{\"@type\":\"SearchAction\",\"target\":{\"@type\":\"EntryPoint\",\"urlTemplate\":\"https:\/\/std.com.co\/?s={search_term_string}\"},\"query-input\":{\"@type\":\"PropertyValueSpecification\",\"valueRequired\":true,\"valueName\":\"search_term_string\"}}],\"inLanguage\":\"es\"},{\"@type\":\"Organization\",\"@id\":\"https:\/\/std.com.co\/#organization\",\"name\":\"SMART TRAFFIC DEVICES\",\"url\":\"https:\/\/std.com.co\/\",\"logo\":{\"@type\":\"ImageObject\",\"inLanguage\":\"es\",\"@id\":\"https:\/\/std.com.co\/#\/schema\/logo\/image\/\",\"url\":\"https:\/\/std.com.co\/wp-content\/uploads\/2024\/08\/logo-std.png\",\"contentUrl\":\"https:\/\/std.com.co\/wp-content\/uploads\/2024\/08\/logo-std.png\",\"width\":675,\"height\":675,\"caption\":\"SMART TRAFFIC DEVICES\"},\"image\":{\"@id\":\"https:\/\/std.com.co\/#\/schema\/logo\/image\/\"},\"sameAs\":[\"https:\/\/www.facebook.com\/adiministraciontotal\",\"https:\/\/www.instagram.com\/std.col\/\"]}]}<\/script>\n<!-- \/ Yoast SEO plugin. -->","yoast_head_json":{"title":"Barrera vial std - STD","description":"El sistema est\u00e1 compuesto por m\u00f3dulos independientes que se pueden ensamblar uno con otro, logrando as\u00ed delimitaciones continuas en largos recorridos.Fabricada en polietileno de alta resistencia con protector UV, color Naranja con cintas reflectivas blancas micro prism\u00e1ticas tipo 3 de alta intensidad. Apto para contener agua y arena, con dos entradas para mover con montacargas.","robots":{"index":"index","follow":"follow","max-snippet":"max-snippet:-1","max-image-preview":"max-image-preview:large","max-video-preview":"max-video-preview:-1"},"canonical":"https:\/\/std.com.co\/index.php\/producto\/barrera-vial\/","og_locale":"es_ES","og_type":"article","og_title":"Barrera vial std - STD","og_description":"El sistema est\u00e1 compuesto por m\u00f3dulos independientes que se pueden ensamblar uno con otro, logrando as\u00ed delimitaciones continuas en largos recorridos.Fabricada en polietileno de alta resistencia con protector UV, color Naranja con cintas reflectivas blancas micro prism\u00e1ticas tipo 3 de alta intensidad. Apto para contener agua y arena, con dos entradas para mover con montacargas.","og_url":"https:\/\/std.com.co\/index.php\/producto\/barrera-vial\/","og_site_name":"STD","article_publisher":"https:\/\/www.facebook.com\/adiministraciontotal","og_image":[{"width":1080,"height":1080,"url":"http:\/\/std.com.co\/wp-content\/uploads\/2025\/04\/barrea-vial-std-somos-fabricantes-colombianos-de-dispositivos-para-senalizacion-y-seguridad-vial.jpg","type":"image\/jpeg"}],"twitter_card":"summary_large_image","twitter_misc":{"Tiempo de lectura":"1 minuto"},"schema":{"@context":"https:\/\/schema.org","@graph":[{"@type":"WebPage","@id":"https:\/\/std.com.co\/index.php\/producto\/barrera-vial\/","url":"https:\/\/std.com.co\/index.php\/producto\/barrera-vial\/","name":"Barrera vial std - STD","isPartOf":{"@id":"https:\/\/std.com.co\/#website"},"primaryImageOfPage":{"@id":"https:\/\/std.com.co\/index.php\/producto\/barrera-vial\/#primaryimage"},"image":{"@id":"https:\/\/std.com.co\/index.php\/producto\/barrera-vial\/#primaryimage"},"thumbnailUrl":"https:\/\/std.com.co\/wp-content\/uploads\/2025\/04\/barrea-vial-std-somos-fabricantes-colombianos-de-dispositivos-para-senalizacion-y-seguridad-vial.jpg","datePublished":"2025-04-09T06:04:04+00:00","description":"El sistema est\u00e1 compuesto por m\u00f3dulos independientes que se pueden ensamblar uno con otro, logrando as\u00ed delimitaciones continuas en largos recorridos.Fabricada en polietileno de alta resistencia con protector UV, color Naranja con cintas reflectivas blancas micro prism\u00e1ticas tipo 3 de alta intensidad. Apto para contener agua y arena, con dos entradas para mover con montacargas.","breadcrumb":{"@id":"https:\/\/std.com.co\/index.php\/producto\/barrera-vial\/#breadcrumb"},"inLanguage":"es","potentialAction":[{"@type":"ReadAction","target":["https:\/\/std.com.co\/index.php\/producto\/barrera-vial\/"]}]},{"@type":"ImageObject","inLanguage":"es","@id":"https:\/\/std.com.co\/index.php\/producto\/barrera-vial\/#primaryimage","url":"https:\/\/std.com.co\/wp-content\/uploads\/2025\/04\/barrea-vial-std-somos-fabricantes-colombianos-de-dispositivos-para-senalizacion-y-seguridad-vial.jpg","contentUrl":"https:\/\/std.com.co\/wp-content\/uploads\/2025\/04\/barrea-vial-std-somos-fabricantes-colombianos-de-dispositivos-para-senalizacion-y-seguridad-vial.jpg","width":1080,"height":1080},{"@type":"BreadcrumbList","@id":"https:\/\/std.com.co\/index.php\/producto\/barrera-vial\/#breadcrumb","itemListElement":[{"@type":"ListItem","position":1,"name":"Portada","item":"https:\/\/std.com.co\/"},{"@type":"ListItem","position":2,"name":"Tienda","item":"https:\/\/std.com.co\/index.php\/tienda\/"},{"@type":"ListItem","position":3,"name":"Barrera vial std"}]},{"@type":"WebSite","@id":"https:\/\/std.com.co\/#website","url":"https:\/\/std.com.co\/","name":"Smart Traffic Devices","description":"Somos Fabricantes Colombianos","publisher":{"@id":"https:\/\/std.com.co\/#organization"},"alternateName":"STD","potentialAction":[{"@type":"SearchAction","target":{"@type":"EntryPoint","urlTemplate":"https:\/\/std.com.co\/?s={search_term_string}"},"query-input":{"@type":"PropertyValueSpecification","valueRequired":true,"valueName":"search_term_string"}}],"inLanguage":"es"},{"@type":"Organization","@id":"https:\/\/std.com.co\/#organization","name":"SMART TRAFFIC DEVICES","url":"https:\/\/std.com.co\/","logo":{"@type":"ImageObject","inLanguage":"es","@id":"https:\/\/std.com.co\/#\/schema\/logo\/image\/","url":"https:\/\/std.com.co\/wp-content\/uploads\/2024\/08\/logo-std.png","contentUrl":"https:\/\/std.com.co\/wp-content\/uploads\/2024\/08\/logo-std.png","width":675,"height":675,"caption":"SMART TRAFFIC DEVICES"},"image":{"@id":"https:\/\/std.com.co\/#\/schema\/logo\/image\/"},"sameAs":["https:\/\/www.facebook.com\/adiministraciontotal","https:\/\/www.instagram.com\/std.col\/"]}]}},"jetpack_sharing_enabled":true,"_links":{"self":[{"href":"https:\/\/std.com.co\/index.php\/wp-json\/wp\/v2\/product\/1287","targetHints":{"allow":["GET"]}}],"collection":[{"href":"https:\/\/std.com.co\/index.php\/wp-json\/wp\/v2\/product"}],"about":[{"href":"https:\/\/std.com.co\/index.php\/wp-json\/wp\/v2\/types\/product"}],"wp:featuredmedia":[{"embeddable":true,"href":"https:\/\/std.com.co\/index.php\/wp-json\/wp\/v2\/media\/1289"}],"wp:attachment":[{"href":"https:\/\/std.com.co\/index.php\/wp-json\/wp\/v2\/media?parent=1287"}],"wp:term":[{"taxonomy":"product_brand","embeddable":true,"href":"https:\/\/std.com.co\/index.php\/wp-json\/wp\/v2\/product_brand?post=1287"},{"taxonomy":"product_cat","embeddable":true,"href":"https:\/\/std.com.co\/index.php\/wp-json\/wp\/v2\/product_cat?post=1287"},{"taxonomy":"product_tag","embeddable":true,"href":"https:\/\/std.com.co\/index.php\/wp-json\/wp\/v2\/product_tag?post=1287"}],"curies":[{"name":"wp","href":"https:\/\/api.w.org\/{rel}","templated":true}]}}