{"id":1284,"date":"2025-04-09T00:55:24","date_gmt":"2025-04-09T05:55:24","guid":{"rendered":"https:\/\/std.com.co\/?post_type=product&#038;p=1284"},"modified":"2025-04-09T00:55:24","modified_gmt":"2025-04-09T05:55:24","slug":"panel-multiproposito","status":"publish","type":"product","link":"https:\/\/std.com.co\/index.php\/producto\/panel-multiproposito\/","title":{"rendered":"Panel multiproposito STD"},"content":{"rendered":"<p><img decoding=\"async\" class=\"alignnone wp-image-308\" src=\"http:\/\/std.com.co\/wp-content\/uploads\/2023\/10\/iconos-productos-31.jpg\" alt=\"\" width=\"56\" height=\"45\" \/>\u00a0<span style=\"font-size: 16px;\"><strong>Dimensiones: <\/strong>longitud: 1M x o,55 M altura\u00a0<\/span><\/p>\n<p><img decoding=\"async\" class=\"alignnone wp-image-309\" src=\"http:\/\/std.com.co\/wp-content\/uploads\/2023\/10\/iconos-productos-32.jpg\" alt=\"\" width=\"55\" height=\"45\" \/>\u00a0<span style=\"font-size: 16px;\"><strong>Peso: <\/strong>1 K<\/span><\/p>\n<p><img decoding=\"async\" class=\"alignnone wp-image-458\" src=\"http:\/\/std.com.co\/wp-content\/uploads\/2023\/10\/iconos-productos-04.png\" alt=\"\" width=\"53\" height=\"44\" \/>\u00a0<b>Color<\/b><span style=\"font-size: 16px;\">: verde u otros colores para grandes cantidades<\/span><\/p>\n","protected":false},"excerpt":{"rendered":"<p class=\"p1\">El sistema est\u00e1 compuesto por m\u00f3dulos independientes que se pueden ensamblar uno con otro, logrando as\u00ed delimitaciones continuas en largos recorridos.<\/p>\n<p class=\"p1\"><span class=\"s1\">Pieza inyectada en copol\u00edmeros de ingenier\u00eda (PP) resistentes a fracturas y cizallamiento, color verde resistente al <\/span><span class=\"s1\">ambiente, aditivo UV estabilizador, dise\u00f1o tipo corrugado que mejora su estabilidad dimensional, con nervios de <\/span><span class=\"s1\">refuerzo en la saliente en \u00e1ngulo negativo a la vertical, ensambladas con torniller\u00eda para conformar piezas de un <\/span><span class=\"s1\">metro de longitud por 0.55 metros de altura.<\/span><\/p>\n<p class=\"p1\"><span class=\"s1\">Las piezas cuentan con orificios para torniller\u00eda y as\u00ed poder realizar cerramientos continuos, ensamblando metro <\/span><span class=\"s1\">a metro, aportando mayor estabilidad al sistema.<\/span><\/p>\n<p class=\"p1\"><span class=\"s1\">\u00a0<\/span><\/p>\n","protected":false},"featured_media":1285,"template":"","meta":{"_acf_changed":false,"site-sidebar-layout":"default","site-content-layout":"","ast-site-content-layout":"default","site-content-style":"default","site-sidebar-style":"default","ast-global-header-display":"","ast-banner-title-visibility":"","ast-main-header-display":"","ast-hfb-above-header-display":"","ast-hfb-below-header-display":"","ast-hfb-mobile-header-display":"","site-post-title":"","ast-breadcrumbs-content":"","ast-featured-img":"","footer-sml-layout":"","theme-transparent-header-meta":"default","adv-header-id-meta":"","stick-header-meta":"","header-above-stick-meta":"","header-main-stick-meta":"","header-below-stick-meta":"","astra-migrate-meta-layouts":"set","_joinchat":[]},"product_brand":[],"product_cat":[22],"product_tag":[],"class_list":{"0":"post-1284","1":"product","2":"type-product","3":"status-publish","4":"has-post-thumbnail","6":"product_cat-sin-categorizar","7":"desktop-align-left","8":"tablet-align-left","9":"mobile-align-left","11":"first","12":"instock","13":"downloadable","14":"shipping-taxable","15":"product-type-simple"},"acf":[],"yoast_head":"<!-- This site is optimized with the Yoast SEO plugin v26.3 - https:\/\/yoast.com\/wordpress\/plugins\/seo\/ -->\n<title>Panel multiproposito STD - STD<\/title>\n<meta name=\"description\" content=\"El sistema est\u00e1 compuesto por m\u00f3dulos independientes que se pueden ensamblar uno con otro, logrando as\u00ed delimitaciones continuas en largos recorridos.\" \/>\n<meta name=\"robots\" content=\"index, follow, max-snippet:-1, max-image-preview:large, max-video-preview:-1\" \/>\n<link rel=\"canonical\" href=\"https:\/\/std.com.co\/index.php\/producto\/panel-multiproposito\/\" \/>\n<meta property=\"og:locale\" content=\"es_ES\" \/>\n<meta property=\"og:type\" content=\"article\" \/>\n<meta property=\"og:title\" content=\"Panel multiproposito STD - STD\" \/>\n<meta property=\"og:description\" content=\"El sistema est\u00e1 compuesto por m\u00f3dulos independientes que se pueden ensamblar uno con otro, logrando as\u00ed delimitaciones continuas en largos recorridos.\" \/>\n<meta property=\"og:url\" content=\"https:\/\/std.com.co\/index.php\/producto\/panel-multiproposito\/\" \/>\n<meta property=\"og:site_name\" content=\"STD\" \/>\n<meta property=\"article:publisher\" content=\"https:\/\/www.facebook.com\/adiministraciontotal\" \/>\n<meta property=\"og:image\" content=\"http:\/\/std.com.co\/wp-content\/uploads\/2025\/04\/Panel-multiproposito-std-somos-fabricantes-colombianos.jpg\" \/>\n\t<meta property=\"og:image:width\" content=\"1080\" \/>\n\t<meta property=\"og:image:height\" content=\"1080\" \/>\n\t<meta property=\"og:image:type\" content=\"image\/jpeg\" \/>\n<meta name=\"twitter:card\" content=\"summary_large_image\" \/>\n<meta name=\"twitter:label1\" content=\"Tiempo de lectura\" \/>\n\t<meta name=\"twitter:data1\" content=\"1 minuto\" \/>\n<script type=\"application\/ld+json\" class=\"yoast-schema-graph\">{\"@context\":\"https:\/\/schema.org\",\"@graph\":[{\"@type\":\"WebPage\",\"@id\":\"https:\/\/std.com.co\/index.php\/producto\/panel-multiproposito\/\",\"url\":\"https:\/\/std.com.co\/index.php\/producto\/panel-multiproposito\/\",\"name\":\"Panel multiproposito STD - STD\",\"isPartOf\":{\"@id\":\"https:\/\/std.com.co\/#website\"},\"primaryImageOfPage\":{\"@id\":\"https:\/\/std.com.co\/index.php\/producto\/panel-multiproposito\/#primaryimage\"},\"image\":{\"@id\":\"https:\/\/std.com.co\/index.php\/producto\/panel-multiproposito\/#primaryimage\"},\"thumbnailUrl\":\"https:\/\/std.com.co\/wp-content\/uploads\/2025\/04\/Panel-multiproposito-std-somos-fabricantes-colombianos.jpg\",\"datePublished\":\"2025-04-09T05:55:24+00:00\",\"description\":\"El sistema est\u00e1 compuesto por m\u00f3dulos independientes que se pueden ensamblar uno con otro, logrando as\u00ed delimitaciones continuas en largos recorridos.\",\"breadcrumb\":{\"@id\":\"https:\/\/std.com.co\/index.php\/producto\/panel-multiproposito\/#breadcrumb\"},\"inLanguage\":\"es\",\"potentialAction\":[{\"@type\":\"ReadAction\",\"target\":[\"https:\/\/std.com.co\/index.php\/producto\/panel-multiproposito\/\"]}]},{\"@type\":\"ImageObject\",\"inLanguage\":\"es\",\"@id\":\"https:\/\/std.com.co\/index.php\/producto\/panel-multiproposito\/#primaryimage\",\"url\":\"https:\/\/std.com.co\/wp-content\/uploads\/2025\/04\/Panel-multiproposito-std-somos-fabricantes-colombianos.jpg\",\"contentUrl\":\"https:\/\/std.com.co\/wp-content\/uploads\/2025\/04\/Panel-multiproposito-std-somos-fabricantes-colombianos.jpg\",\"width\":1080,\"height\":1080},{\"@type\":\"BreadcrumbList\",\"@id\":\"https:\/\/std.com.co\/index.php\/producto\/panel-multiproposito\/#breadcrumb\",\"itemListElement\":[{\"@type\":\"ListItem\",\"position\":1,\"name\":\"Portada\",\"item\":\"https:\/\/std.com.co\/\"},{\"@type\":\"ListItem\",\"position\":2,\"name\":\"Tienda\",\"item\":\"https:\/\/std.com.co\/index.php\/tienda\/\"},{\"@type\":\"ListItem\",\"position\":3,\"name\":\"Panel multiproposito STD\"}]},{\"@type\":\"WebSite\",\"@id\":\"https:\/\/std.com.co\/#website\",\"url\":\"https:\/\/std.com.co\/\",\"name\":\"Smart Traffic Devices\",\"description\":\"Somos Fabricantes Colombianos\",\"publisher\":{\"@id\":\"https:\/\/std.com.co\/#organization\"},\"alternateName\":\"STD\",\"potentialAction\":[{\"@type\":\"SearchAction\",\"target\":{\"@type\":\"EntryPoint\",\"urlTemplate\":\"https:\/\/std.com.co\/?s={search_term_string}\"},\"query-input\":{\"@type\":\"PropertyValueSpecification\",\"valueRequired\":true,\"valueName\":\"search_term_string\"}}],\"inLanguage\":\"es\"},{\"@type\":\"Organization\",\"@id\":\"https:\/\/std.com.co\/#organization\",\"name\":\"SMART TRAFFIC DEVICES\",\"url\":\"https:\/\/std.com.co\/\",\"logo\":{\"@type\":\"ImageObject\",\"inLanguage\":\"es\",\"@id\":\"https:\/\/std.com.co\/#\/schema\/logo\/image\/\",\"url\":\"https:\/\/std.com.co\/wp-content\/uploads\/2024\/08\/logo-std.png\",\"contentUrl\":\"https:\/\/std.com.co\/wp-content\/uploads\/2024\/08\/logo-std.png\",\"width\":675,\"height\":675,\"caption\":\"SMART TRAFFIC DEVICES\"},\"image\":{\"@id\":\"https:\/\/std.com.co\/#\/schema\/logo\/image\/\"},\"sameAs\":[\"https:\/\/www.facebook.com\/adiministraciontotal\",\"https:\/\/www.instagram.com\/std.col\/\"]}]}<\/script>\n<!-- \/ Yoast SEO plugin. -->","yoast_head_json":{"title":"Panel multiproposito STD - STD","description":"El sistema est\u00e1 compuesto por m\u00f3dulos independientes que se pueden ensamblar uno con otro, logrando as\u00ed delimitaciones continuas en largos recorridos.","robots":{"index":"index","follow":"follow","max-snippet":"max-snippet:-1","max-image-preview":"max-image-preview:large","max-video-preview":"max-video-preview:-1"},"canonical":"https:\/\/std.com.co\/index.php\/producto\/panel-multiproposito\/","og_locale":"es_ES","og_type":"article","og_title":"Panel multiproposito STD - STD","og_description":"El sistema est\u00e1 compuesto por m\u00f3dulos independientes que se pueden ensamblar uno con otro, logrando as\u00ed delimitaciones continuas en largos recorridos.","og_url":"https:\/\/std.com.co\/index.php\/producto\/panel-multiproposito\/","og_site_name":"STD","article_publisher":"https:\/\/www.facebook.com\/adiministraciontotal","og_image":[{"width":1080,"height":1080,"url":"http:\/\/std.com.co\/wp-content\/uploads\/2025\/04\/Panel-multiproposito-std-somos-fabricantes-colombianos.jpg","type":"image\/jpeg"}],"twitter_card":"summary_large_image","twitter_misc":{"Tiempo de lectura":"1 minuto"},"schema":{"@context":"https:\/\/schema.org","@graph":[{"@type":"WebPage","@id":"https:\/\/std.com.co\/index.php\/producto\/panel-multiproposito\/","url":"https:\/\/std.com.co\/index.php\/producto\/panel-multiproposito\/","name":"Panel multiproposito STD - STD","isPartOf":{"@id":"https:\/\/std.com.co\/#website"},"primaryImageOfPage":{"@id":"https:\/\/std.com.co\/index.php\/producto\/panel-multiproposito\/#primaryimage"},"image":{"@id":"https:\/\/std.com.co\/index.php\/producto\/panel-multiproposito\/#primaryimage"},"thumbnailUrl":"https:\/\/std.com.co\/wp-content\/uploads\/2025\/04\/Panel-multiproposito-std-somos-fabricantes-colombianos.jpg","datePublished":"2025-04-09T05:55:24+00:00","description":"El sistema est\u00e1 compuesto por m\u00f3dulos independientes que se pueden ensamblar uno con otro, logrando as\u00ed delimitaciones continuas en largos recorridos.","breadcrumb":{"@id":"https:\/\/std.com.co\/index.php\/producto\/panel-multiproposito\/#breadcrumb"},"inLanguage":"es","potentialAction":[{"@type":"ReadAction","target":["https:\/\/std.com.co\/index.php\/producto\/panel-multiproposito\/"]}]},{"@type":"ImageObject","inLanguage":"es","@id":"https:\/\/std.com.co\/index.php\/producto\/panel-multiproposito\/#primaryimage","url":"https:\/\/std.com.co\/wp-content\/uploads\/2025\/04\/Panel-multiproposito-std-somos-fabricantes-colombianos.jpg","contentUrl":"https:\/\/std.com.co\/wp-content\/uploads\/2025\/04\/Panel-multiproposito-std-somos-fabricantes-colombianos.jpg","width":1080,"height":1080},{"@type":"BreadcrumbList","@id":"https:\/\/std.com.co\/index.php\/producto\/panel-multiproposito\/#breadcrumb","itemListElement":[{"@type":"ListItem","position":1,"name":"Portada","item":"https:\/\/std.com.co\/"},{"@type":"ListItem","position":2,"name":"Tienda","item":"https:\/\/std.com.co\/index.php\/tienda\/"},{"@type":"ListItem","position":3,"name":"Panel multiproposito STD"}]},{"@type":"WebSite","@id":"https:\/\/std.com.co\/#website","url":"https:\/\/std.com.co\/","name":"Smart Traffic Devices","description":"Somos Fabricantes Colombianos","publisher":{"@id":"https:\/\/std.com.co\/#organization"},"alternateName":"STD","potentialAction":[{"@type":"SearchAction","target":{"@type":"EntryPoint","urlTemplate":"https:\/\/std.com.co\/?s={search_term_string}"},"query-input":{"@type":"PropertyValueSpecification","valueRequired":true,"valueName":"search_term_string"}}],"inLanguage":"es"},{"@type":"Organization","@id":"https:\/\/std.com.co\/#organization","name":"SMART TRAFFIC DEVICES","url":"https:\/\/std.com.co\/","logo":{"@type":"ImageObject","inLanguage":"es","@id":"https:\/\/std.com.co\/#\/schema\/logo\/image\/","url":"https:\/\/std.com.co\/wp-content\/uploads\/2024\/08\/logo-std.png","contentUrl":"https:\/\/std.com.co\/wp-content\/uploads\/2024\/08\/logo-std.png","width":675,"height":675,"caption":"SMART TRAFFIC DEVICES"},"image":{"@id":"https:\/\/std.com.co\/#\/schema\/logo\/image\/"},"sameAs":["https:\/\/www.facebook.com\/adiministraciontotal","https:\/\/www.instagram.com\/std.col\/"]}]}},"jetpack_sharing_enabled":true,"_links":{"self":[{"href":"https:\/\/std.com.co\/index.php\/wp-json\/wp\/v2\/product\/1284","targetHints":{"allow":["GET"]}}],"collection":[{"href":"https:\/\/std.com.co\/index.php\/wp-json\/wp\/v2\/product"}],"about":[{"href":"https:\/\/std.com.co\/index.php\/wp-json\/wp\/v2\/types\/product"}],"wp:featuredmedia":[{"embeddable":true,"href":"https:\/\/std.com.co\/index.php\/wp-json\/wp\/v2\/media\/1285"}],"wp:attachment":[{"href":"https:\/\/std.com.co\/index.php\/wp-json\/wp\/v2\/media?parent=1284"}],"wp:term":[{"taxonomy":"product_brand","embeddable":true,"href":"https:\/\/std.com.co\/index.php\/wp-json\/wp\/v2\/product_brand?post=1284"},{"taxonomy":"product_cat","embeddable":true,"href":"https:\/\/std.com.co\/index.php\/wp-json\/wp\/v2\/product_cat?post=1284"},{"taxonomy":"product_tag","embeddable":true,"href":"https:\/\/std.com.co\/index.php\/wp-json\/wp\/v2\/product_tag?post=1284"}],"curies":[{"name":"wp","href":"https:\/\/api.w.org\/{rel}","templated":true}]}}