{"id":1031,"date":"2024-03-06T10:12:59","date_gmt":"2024-03-06T15:12:59","guid":{"rendered":"https:\/\/std.com.co\/?post_type=product&#038;p=1031"},"modified":"2025-04-09T00:28:42","modified_gmt":"2025-04-09T05:28:42","slug":"flasher-solar-vial","status":"publish","type":"product","link":"https:\/\/std.com.co\/index.php\/producto\/flasher-solar-vial\/","title":{"rendered":"Flasher solar vial"},"content":{"rendered":"<p><img decoding=\"async\" class=\"alignnone wp-image-308\" src=\"http:\/\/std.com.co\/wp-content\/uploads\/2023\/10\/iconos-productos-31.jpg\" alt=\"\" width=\"56\" height=\"45\" \/>\u00a0<span style=\"font-size: 16px;\"><strong>Dimensiones: <\/strong>Diametro 19 cm x alto 39 cm\u00a0<\/span><\/p>\n<p><img decoding=\"async\" class=\"alignnone wp-image-309\" src=\"http:\/\/std.com.co\/wp-content\/uploads\/2023\/10\/iconos-productos-32.jpg\" alt=\"\" width=\"55\" height=\"45\" \/>\u00a0<span style=\"font-size: 16px;\"><strong>Panel solar: <\/strong>6,5 x 3,5 cm<\/span><\/p>\n<p><img decoding=\"async\" class=\"alignnone wp-image-458\" src=\"http:\/\/std.com.co\/wp-content\/uploads\/2023\/10\/iconos-productos-04.png\" alt=\"\" width=\"53\" height=\"44\" \/>\u00a0<b>Bateria<\/b><span style=\"font-size: 16px;\">: 60 mAh<\/span><\/p>\n","protected":false},"excerpt":{"rendered":"<p>Potencia la seguridad vial con nuestros Flash Solar, dise\u00f1ados para acompa\u00f1ar conos viales y mejorar la visibilidad de las canalizaciones. Equipados con una fotocelda que se activa autom\u00e1ticamente en baja luz, neblina y noche, estos flashes solares ofrecen una soluci\u00f3n eficaz y sostenible.<\/p>\n<p>La bater\u00eda integrada de 60 mAh garantiza un rendimiento duradero y confiable. En Smart Traffic Devices, nos enorgullece ofrecer soluciones innovadoras que marcan la diferencia en la seguridad vial.<\/p>\n<p>Descubre c\u00f3mo nuestros Flash Solar mejoran la visibilidad de las canalizaciones. Explora nuestras opciones y conf\u00eda en la calidad de Smart Traffic Devices para hacer seguro el camino con la eficacia de la energ\u00eda solar.<\/p>\n","protected":false},"featured_media":1257,"template":"","meta":{"_acf_changed":false,"site-sidebar-layout":"default","site-content-layout":"","ast-site-content-layout":"default","site-content-style":"default","site-sidebar-style":"default","ast-global-header-display":"","ast-banner-title-visibility":"","ast-main-header-display":"","ast-hfb-above-header-display":"","ast-hfb-below-header-display":"","ast-hfb-mobile-header-display":"","site-post-title":"","ast-breadcrumbs-content":"","ast-featured-img":"","footer-sml-layout":"","theme-transparent-header-meta":"default","adv-header-id-meta":"","stick-header-meta":"","header-above-stick-meta":"","header-main-stick-meta":"","header-below-stick-meta":"","astra-migrate-meta-layouts":"set","_joinchat":[]},"product_brand":[],"product_cat":[22],"product_tag":[],"class_list":{"0":"post-1031","1":"product","2":"type-product","3":"status-publish","4":"has-post-thumbnail","6":"product_cat-sin-categorizar","7":"desktop-align-left","8":"tablet-align-left","9":"mobile-align-left","11":"first","12":"instock","13":"downloadable","14":"shipping-taxable","15":"product-type-simple"},"acf":[],"yoast_head":"<!-- This site is optimized with the Yoast SEO plugin v26.3 - https:\/\/yoast.com\/wordpress\/plugins\/seo\/ -->\n<title>Flasher solar vial - STD<\/title>\n<meta name=\"description\" content=\"Potencia la seguridad vial con nuestros Flash Solar, dise\u00f1ados para acompa\u00f1ar conos viales y mejorar la visibilidad de las canalizaciones\" \/>\n<meta name=\"robots\" content=\"index, follow, max-snippet:-1, max-image-preview:large, max-video-preview:-1\" \/>\n<link rel=\"canonical\" href=\"https:\/\/std.com.co\/index.php\/producto\/flasher-solar-vial\/\" \/>\n<meta property=\"og:locale\" content=\"es_ES\" \/>\n<meta property=\"og:type\" content=\"article\" \/>\n<meta property=\"og:title\" content=\"Flasher solar vial - STD\" \/>\n<meta property=\"og:description\" content=\"Potencia la seguridad vial con nuestros Flash Solar, dise\u00f1ados para acompa\u00f1ar conos viales y mejorar la visibilidad de las canalizaciones\" \/>\n<meta property=\"og:url\" content=\"https:\/\/std.com.co\/index.php\/producto\/flasher-solar-vial\/\" \/>\n<meta property=\"og:site_name\" content=\"STD\" \/>\n<meta property=\"article:publisher\" content=\"https:\/\/www.facebook.com\/adiministraciontotal\" \/>\n<meta property=\"article:modified_time\" content=\"2025-04-09T05:28:42+00:00\" \/>\n<meta property=\"og:image\" content=\"http:\/\/std.com.co\/wp-content\/uploads\/2024\/03\/flasher-solar-vial-std-dispositivos-viales-somos-fabricantes-colombianos.jpg\" \/>\n\t<meta property=\"og:image:width\" content=\"1080\" \/>\n\t<meta property=\"og:image:height\" content=\"1080\" \/>\n\t<meta property=\"og:image:type\" content=\"image\/jpeg\" \/>\n<meta name=\"twitter:card\" content=\"summary_large_image\" \/>\n<meta name=\"twitter:label1\" content=\"Tiempo de lectura\" \/>\n\t<meta name=\"twitter:data1\" content=\"1 minuto\" \/>\n<script type=\"application\/ld+json\" class=\"yoast-schema-graph\">{\"@context\":\"https:\/\/schema.org\",\"@graph\":[{\"@type\":\"WebPage\",\"@id\":\"https:\/\/std.com.co\/index.php\/producto\/flasher-solar-vial\/\",\"url\":\"https:\/\/std.com.co\/index.php\/producto\/flasher-solar-vial\/\",\"name\":\"Flasher solar vial - STD\",\"isPartOf\":{\"@id\":\"https:\/\/std.com.co\/#website\"},\"primaryImageOfPage\":{\"@id\":\"https:\/\/std.com.co\/index.php\/producto\/flasher-solar-vial\/#primaryimage\"},\"image\":{\"@id\":\"https:\/\/std.com.co\/index.php\/producto\/flasher-solar-vial\/#primaryimage\"},\"thumbnailUrl\":\"https:\/\/std.com.co\/wp-content\/uploads\/2024\/03\/flasher-solar-vial-std-dispositivos-viales-somos-fabricantes-colombianos.jpg\",\"datePublished\":\"2024-03-06T15:12:59+00:00\",\"dateModified\":\"2025-04-09T05:28:42+00:00\",\"description\":\"Potencia la seguridad vial con nuestros Flash Solar, dise\u00f1ados para acompa\u00f1ar conos viales y mejorar la visibilidad de las canalizaciones\",\"breadcrumb\":{\"@id\":\"https:\/\/std.com.co\/index.php\/producto\/flasher-solar-vial\/#breadcrumb\"},\"inLanguage\":\"es\",\"potentialAction\":[{\"@type\":\"ReadAction\",\"target\":[\"https:\/\/std.com.co\/index.php\/producto\/flasher-solar-vial\/\"]}]},{\"@type\":\"ImageObject\",\"inLanguage\":\"es\",\"@id\":\"https:\/\/std.com.co\/index.php\/producto\/flasher-solar-vial\/#primaryimage\",\"url\":\"https:\/\/std.com.co\/wp-content\/uploads\/2024\/03\/flasher-solar-vial-std-dispositivos-viales-somos-fabricantes-colombianos.jpg\",\"contentUrl\":\"https:\/\/std.com.co\/wp-content\/uploads\/2024\/03\/flasher-solar-vial-std-dispositivos-viales-somos-fabricantes-colombianos.jpg\",\"width\":1080,\"height\":1080},{\"@type\":\"BreadcrumbList\",\"@id\":\"https:\/\/std.com.co\/index.php\/producto\/flasher-solar-vial\/#breadcrumb\",\"itemListElement\":[{\"@type\":\"ListItem\",\"position\":1,\"name\":\"Portada\",\"item\":\"https:\/\/std.com.co\/\"},{\"@type\":\"ListItem\",\"position\":2,\"name\":\"Tienda\",\"item\":\"https:\/\/std.com.co\/index.php\/tienda\/\"},{\"@type\":\"ListItem\",\"position\":3,\"name\":\"Flasher solar vial\"}]},{\"@type\":\"WebSite\",\"@id\":\"https:\/\/std.com.co\/#website\",\"url\":\"https:\/\/std.com.co\/\",\"name\":\"Smart Traffic Devices\",\"description\":\"Somos Fabricantes Colombianos\",\"publisher\":{\"@id\":\"https:\/\/std.com.co\/#organization\"},\"alternateName\":\"STD\",\"potentialAction\":[{\"@type\":\"SearchAction\",\"target\":{\"@type\":\"EntryPoint\",\"urlTemplate\":\"https:\/\/std.com.co\/?s={search_term_string}\"},\"query-input\":{\"@type\":\"PropertyValueSpecification\",\"valueRequired\":true,\"valueName\":\"search_term_string\"}}],\"inLanguage\":\"es\"},{\"@type\":\"Organization\",\"@id\":\"https:\/\/std.com.co\/#organization\",\"name\":\"SMART TRAFFIC DEVICES\",\"url\":\"https:\/\/std.com.co\/\",\"logo\":{\"@type\":\"ImageObject\",\"inLanguage\":\"es\",\"@id\":\"https:\/\/std.com.co\/#\/schema\/logo\/image\/\",\"url\":\"https:\/\/std.com.co\/wp-content\/uploads\/2024\/08\/logo-std.png\",\"contentUrl\":\"https:\/\/std.com.co\/wp-content\/uploads\/2024\/08\/logo-std.png\",\"width\":675,\"height\":675,\"caption\":\"SMART TRAFFIC DEVICES\"},\"image\":{\"@id\":\"https:\/\/std.com.co\/#\/schema\/logo\/image\/\"},\"sameAs\":[\"https:\/\/www.facebook.com\/adiministraciontotal\",\"https:\/\/www.instagram.com\/std.col\/\"]}]}<\/script>\n<!-- \/ Yoast SEO plugin. -->","yoast_head_json":{"title":"Flasher solar vial - STD","description":"Potencia la seguridad vial con nuestros Flash Solar, dise\u00f1ados para acompa\u00f1ar conos viales y mejorar la visibilidad de las canalizaciones","robots":{"index":"index","follow":"follow","max-snippet":"max-snippet:-1","max-image-preview":"max-image-preview:large","max-video-preview":"max-video-preview:-1"},"canonical":"https:\/\/std.com.co\/index.php\/producto\/flasher-solar-vial\/","og_locale":"es_ES","og_type":"article","og_title":"Flasher solar vial - STD","og_description":"Potencia la seguridad vial con nuestros Flash Solar, dise\u00f1ados para acompa\u00f1ar conos viales y mejorar la visibilidad de las canalizaciones","og_url":"https:\/\/std.com.co\/index.php\/producto\/flasher-solar-vial\/","og_site_name":"STD","article_publisher":"https:\/\/www.facebook.com\/adiministraciontotal","article_modified_time":"2025-04-09T05:28:42+00:00","og_image":[{"width":1080,"height":1080,"url":"http:\/\/std.com.co\/wp-content\/uploads\/2024\/03\/flasher-solar-vial-std-dispositivos-viales-somos-fabricantes-colombianos.jpg","type":"image\/jpeg"}],"twitter_card":"summary_large_image","twitter_misc":{"Tiempo de lectura":"1 minuto"},"schema":{"@context":"https:\/\/schema.org","@graph":[{"@type":"WebPage","@id":"https:\/\/std.com.co\/index.php\/producto\/flasher-solar-vial\/","url":"https:\/\/std.com.co\/index.php\/producto\/flasher-solar-vial\/","name":"Flasher solar vial - STD","isPartOf":{"@id":"https:\/\/std.com.co\/#website"},"primaryImageOfPage":{"@id":"https:\/\/std.com.co\/index.php\/producto\/flasher-solar-vial\/#primaryimage"},"image":{"@id":"https:\/\/std.com.co\/index.php\/producto\/flasher-solar-vial\/#primaryimage"},"thumbnailUrl":"https:\/\/std.com.co\/wp-content\/uploads\/2024\/03\/flasher-solar-vial-std-dispositivos-viales-somos-fabricantes-colombianos.jpg","datePublished":"2024-03-06T15:12:59+00:00","dateModified":"2025-04-09T05:28:42+00:00","description":"Potencia la seguridad vial con nuestros Flash Solar, dise\u00f1ados para acompa\u00f1ar conos viales y mejorar la visibilidad de las canalizaciones","breadcrumb":{"@id":"https:\/\/std.com.co\/index.php\/producto\/flasher-solar-vial\/#breadcrumb"},"inLanguage":"es","potentialAction":[{"@type":"ReadAction","target":["https:\/\/std.com.co\/index.php\/producto\/flasher-solar-vial\/"]}]},{"@type":"ImageObject","inLanguage":"es","@id":"https:\/\/std.com.co\/index.php\/producto\/flasher-solar-vial\/#primaryimage","url":"https:\/\/std.com.co\/wp-content\/uploads\/2024\/03\/flasher-solar-vial-std-dispositivos-viales-somos-fabricantes-colombianos.jpg","contentUrl":"https:\/\/std.com.co\/wp-content\/uploads\/2024\/03\/flasher-solar-vial-std-dispositivos-viales-somos-fabricantes-colombianos.jpg","width":1080,"height":1080},{"@type":"BreadcrumbList","@id":"https:\/\/std.com.co\/index.php\/producto\/flasher-solar-vial\/#breadcrumb","itemListElement":[{"@type":"ListItem","position":1,"name":"Portada","item":"https:\/\/std.com.co\/"},{"@type":"ListItem","position":2,"name":"Tienda","item":"https:\/\/std.com.co\/index.php\/tienda\/"},{"@type":"ListItem","position":3,"name":"Flasher solar vial"}]},{"@type":"WebSite","@id":"https:\/\/std.com.co\/#website","url":"https:\/\/std.com.co\/","name":"Smart Traffic Devices","description":"Somos Fabricantes Colombianos","publisher":{"@id":"https:\/\/std.com.co\/#organization"},"alternateName":"STD","potentialAction":[{"@type":"SearchAction","target":{"@type":"EntryPoint","urlTemplate":"https:\/\/std.com.co\/?s={search_term_string}"},"query-input":{"@type":"PropertyValueSpecification","valueRequired":true,"valueName":"search_term_string"}}],"inLanguage":"es"},{"@type":"Organization","@id":"https:\/\/std.com.co\/#organization","name":"SMART TRAFFIC DEVICES","url":"https:\/\/std.com.co\/","logo":{"@type":"ImageObject","inLanguage":"es","@id":"https:\/\/std.com.co\/#\/schema\/logo\/image\/","url":"https:\/\/std.com.co\/wp-content\/uploads\/2024\/08\/logo-std.png","contentUrl":"https:\/\/std.com.co\/wp-content\/uploads\/2024\/08\/logo-std.png","width":675,"height":675,"caption":"SMART TRAFFIC DEVICES"},"image":{"@id":"https:\/\/std.com.co\/#\/schema\/logo\/image\/"},"sameAs":["https:\/\/www.facebook.com\/adiministraciontotal","https:\/\/www.instagram.com\/std.col\/"]}]}},"jetpack_sharing_enabled":true,"_links":{"self":[{"href":"https:\/\/std.com.co\/index.php\/wp-json\/wp\/v2\/product\/1031","targetHints":{"allow":["GET"]}}],"collection":[{"href":"https:\/\/std.com.co\/index.php\/wp-json\/wp\/v2\/product"}],"about":[{"href":"https:\/\/std.com.co\/index.php\/wp-json\/wp\/v2\/types\/product"}],"wp:featuredmedia":[{"embeddable":true,"href":"https:\/\/std.com.co\/index.php\/wp-json\/wp\/v2\/media\/1257"}],"wp:attachment":[{"href":"https:\/\/std.com.co\/index.php\/wp-json\/wp\/v2\/media?parent=1031"}],"wp:term":[{"taxonomy":"product_brand","embeddable":true,"href":"https:\/\/std.com.co\/index.php\/wp-json\/wp\/v2\/product_brand?post=1031"},{"taxonomy":"product_cat","embeddable":true,"href":"https:\/\/std.com.co\/index.php\/wp-json\/wp\/v2\/product_cat?post=1031"},{"taxonomy":"product_tag","embeddable":true,"href":"https:\/\/std.com.co\/index.php\/wp-json\/wp\/v2\/product_tag?post=1031"}],"curies":[{"name":"wp","href":"https:\/\/api.w.org\/{rel}","templated":true}]}}