{"id":1026,"date":"2024-03-06T10:00:44","date_gmt":"2024-03-06T15:00:44","guid":{"rendered":"https:\/\/std.com.co\/?post_type=product&#038;p=1026"},"modified":"2025-04-09T00:01:54","modified_gmt":"2025-04-09T05:01:54","slug":"microesfera-de-vidrio","status":"publish","type":"product","link":"https:\/\/std.com.co\/index.php\/producto\/microesfera-de-vidrio\/","title":{"rendered":"Microesfera de vidrio"},"content":{"rendered":"<p><img decoding=\"async\" class=\"alignnone wp-image-308\" src=\"http:\/\/std.com.co\/wp-content\/uploads\/2023\/10\/iconos-productos-31.jpg\" alt=\"\" width=\"56\" height=\"45\" \/>\u00a0<span style=\"font-size: 16px;\"><strong>Presentaci\u00f3n:<\/strong> Bultos x 25 Kg<br \/>\n<\/span><\/p>\n","protected":false},"excerpt":{"rendered":"<p>Explora la versatilidad y seguridad con nuestros Conos Viales en Smart Traffic Devices. Fabricados en PVC flexible, nuestros Conos Viales son la elecci\u00f3n ideal para demarcaci\u00f3n temporal en carreteras y zonas de trabajo. Con base negra y naranja, estos conos vial destacan por su durabilidad y visibilidad.<\/p>\n<p>Cada cono vial cuenta con una gran variedad de cintas reflectivas disponibles, mejorando la visibilidad en condiciones diversas. Conf\u00eda en Smart Traffic Devices para obtener conos viales de calidad que cumplen con los est\u00e1ndares m\u00e1s exigentes.<\/p>\n<p>Descubre c\u00f3mo nuestros Conos Viales, fabricados en PVC flexible, se destacan por su resistencia y visibilidad. Explora nuestras opciones y haz seguro el camino con la versatilidad de los Conos Viales de Smart Traffic Devices.<\/p>\n","protected":false},"featured_media":1259,"template":"","meta":{"_acf_changed":false,"site-sidebar-layout":"default","site-content-layout":"","ast-site-content-layout":"default","site-content-style":"default","site-sidebar-style":"default","ast-global-header-display":"","ast-banner-title-visibility":"","ast-main-header-display":"","ast-hfb-above-header-display":"","ast-hfb-below-header-display":"","ast-hfb-mobile-header-display":"","site-post-title":"","ast-breadcrumbs-content":"","ast-featured-img":"","footer-sml-layout":"","theme-transparent-header-meta":"default","adv-header-id-meta":"","stick-header-meta":"","header-above-stick-meta":"","header-main-stick-meta":"","header-below-stick-meta":"","astra-migrate-meta-layouts":"set","_joinchat":[]},"product_brand":[],"product_cat":[22],"product_tag":[],"class_list":{"0":"post-1026","1":"product","2":"type-product","3":"status-publish","4":"has-post-thumbnail","6":"product_cat-sin-categorizar","7":"desktop-align-left","8":"tablet-align-left","9":"mobile-align-left","11":"first","12":"instock","13":"downloadable","14":"shipping-taxable","15":"product-type-simple"},"acf":[],"yoast_head":"<!-- This site is optimized with the Yoast SEO plugin v26.3 - https:\/\/yoast.com\/wordpress\/plugins\/seo\/ -->\n<title>Microesfera de vidrio - STD<\/title>\n<meta name=\"description\" content=\"Mejora la visibilidad y seguridad en tus marcas viales con nuestras Microesferas de Vidrio Tipo AASHTO M247 Tipo 1 Drop-on en Smart Traffic Devices.\" \/>\n<meta name=\"robots\" content=\"index, follow, max-snippet:-1, max-image-preview:large, max-video-preview:-1\" \/>\n<link rel=\"canonical\" href=\"https:\/\/std.com.co\/index.php\/producto\/microesfera-de-vidrio\/\" \/>\n<meta property=\"og:locale\" content=\"es_ES\" \/>\n<meta property=\"og:type\" content=\"article\" \/>\n<meta property=\"og:title\" content=\"Microesfera de vidrio - STD\" \/>\n<meta property=\"og:description\" content=\"Mejora la visibilidad y seguridad en tus marcas viales con nuestras Microesferas de Vidrio Tipo AASHTO M247 Tipo 1 Drop-on en Smart Traffic Devices.\" \/>\n<meta property=\"og:url\" content=\"https:\/\/std.com.co\/index.php\/producto\/microesfera-de-vidrio\/\" \/>\n<meta property=\"og:site_name\" content=\"STD\" \/>\n<meta property=\"article:publisher\" content=\"https:\/\/www.facebook.com\/adiministraciontotal\" \/>\n<meta property=\"article:modified_time\" content=\"2025-04-09T05:01:54+00:00\" \/>\n<meta property=\"og:image\" content=\"http:\/\/std.com.co\/wp-content\/uploads\/2024\/03\/microesfera-para-pintura-vial-demarcacion-vial-smart-traffic-devices-fabricantes-colombianos-haceindo-seguro-el-camino.jpg\" \/>\n\t<meta property=\"og:image:width\" content=\"1080\" \/>\n\t<meta property=\"og:image:height\" content=\"1080\" \/>\n\t<meta property=\"og:image:type\" content=\"image\/jpeg\" \/>\n<meta name=\"twitter:card\" content=\"summary_large_image\" \/>\n<meta name=\"twitter:label1\" content=\"Tiempo de lectura\" \/>\n\t<meta name=\"twitter:data1\" content=\"1 minuto\" \/>\n<script type=\"application\/ld+json\" class=\"yoast-schema-graph\">{\"@context\":\"https:\/\/schema.org\",\"@graph\":[{\"@type\":\"WebPage\",\"@id\":\"https:\/\/std.com.co\/index.php\/producto\/microesfera-de-vidrio\/\",\"url\":\"https:\/\/std.com.co\/index.php\/producto\/microesfera-de-vidrio\/\",\"name\":\"Microesfera de vidrio - STD\",\"isPartOf\":{\"@id\":\"https:\/\/std.com.co\/#website\"},\"primaryImageOfPage\":{\"@id\":\"https:\/\/std.com.co\/index.php\/producto\/microesfera-de-vidrio\/#primaryimage\"},\"image\":{\"@id\":\"https:\/\/std.com.co\/index.php\/producto\/microesfera-de-vidrio\/#primaryimage\"},\"thumbnailUrl\":\"https:\/\/std.com.co\/wp-content\/uploads\/2024\/03\/microesfera-para-pintura-vial-demarcacion-vial-smart-traffic-devices-fabricantes-colombianos-haceindo-seguro-el-camino.jpg\",\"datePublished\":\"2024-03-06T15:00:44+00:00\",\"dateModified\":\"2025-04-09T05:01:54+00:00\",\"description\":\"Mejora la visibilidad y seguridad en tus marcas viales con nuestras Microesferas de Vidrio Tipo AASHTO M247 Tipo 1 Drop-on en Smart Traffic Devices.\",\"breadcrumb\":{\"@id\":\"https:\/\/std.com.co\/index.php\/producto\/microesfera-de-vidrio\/#breadcrumb\"},\"inLanguage\":\"es\",\"potentialAction\":[{\"@type\":\"ReadAction\",\"target\":[\"https:\/\/std.com.co\/index.php\/producto\/microesfera-de-vidrio\/\"]}]},{\"@type\":\"ImageObject\",\"inLanguage\":\"es\",\"@id\":\"https:\/\/std.com.co\/index.php\/producto\/microesfera-de-vidrio\/#primaryimage\",\"url\":\"https:\/\/std.com.co\/wp-content\/uploads\/2024\/03\/microesfera-para-pintura-vial-demarcacion-vial-smart-traffic-devices-fabricantes-colombianos-haceindo-seguro-el-camino.jpg\",\"contentUrl\":\"https:\/\/std.com.co\/wp-content\/uploads\/2024\/03\/microesfera-para-pintura-vial-demarcacion-vial-smart-traffic-devices-fabricantes-colombianos-haceindo-seguro-el-camino.jpg\",\"width\":1080,\"height\":1080},{\"@type\":\"BreadcrumbList\",\"@id\":\"https:\/\/std.com.co\/index.php\/producto\/microesfera-de-vidrio\/#breadcrumb\",\"itemListElement\":[{\"@type\":\"ListItem\",\"position\":1,\"name\":\"Portada\",\"item\":\"https:\/\/std.com.co\/\"},{\"@type\":\"ListItem\",\"position\":2,\"name\":\"Tienda\",\"item\":\"https:\/\/std.com.co\/index.php\/tienda\/\"},{\"@type\":\"ListItem\",\"position\":3,\"name\":\"Microesfera de vidrio\"}]},{\"@type\":\"WebSite\",\"@id\":\"https:\/\/std.com.co\/#website\",\"url\":\"https:\/\/std.com.co\/\",\"name\":\"Smart Traffic Devices\",\"description\":\"Somos Fabricantes Colombianos\",\"publisher\":{\"@id\":\"https:\/\/std.com.co\/#organization\"},\"alternateName\":\"STD\",\"potentialAction\":[{\"@type\":\"SearchAction\",\"target\":{\"@type\":\"EntryPoint\",\"urlTemplate\":\"https:\/\/std.com.co\/?s={search_term_string}\"},\"query-input\":{\"@type\":\"PropertyValueSpecification\",\"valueRequired\":true,\"valueName\":\"search_term_string\"}}],\"inLanguage\":\"es\"},{\"@type\":\"Organization\",\"@id\":\"https:\/\/std.com.co\/#organization\",\"name\":\"SMART TRAFFIC DEVICES\",\"url\":\"https:\/\/std.com.co\/\",\"logo\":{\"@type\":\"ImageObject\",\"inLanguage\":\"es\",\"@id\":\"https:\/\/std.com.co\/#\/schema\/logo\/image\/\",\"url\":\"https:\/\/std.com.co\/wp-content\/uploads\/2024\/08\/logo-std.png\",\"contentUrl\":\"https:\/\/std.com.co\/wp-content\/uploads\/2024\/08\/logo-std.png\",\"width\":675,\"height\":675,\"caption\":\"SMART TRAFFIC DEVICES\"},\"image\":{\"@id\":\"https:\/\/std.com.co\/#\/schema\/logo\/image\/\"},\"sameAs\":[\"https:\/\/www.facebook.com\/adiministraciontotal\",\"https:\/\/www.instagram.com\/std.col\/\"]}]}<\/script>\n<!-- \/ Yoast SEO plugin. -->","yoast_head_json":{"title":"Microesfera de vidrio - STD","description":"Mejora la visibilidad y seguridad en tus marcas viales con nuestras Microesferas de Vidrio Tipo AASHTO M247 Tipo 1 Drop-on en Smart Traffic Devices.","robots":{"index":"index","follow":"follow","max-snippet":"max-snippet:-1","max-image-preview":"max-image-preview:large","max-video-preview":"max-video-preview:-1"},"canonical":"https:\/\/std.com.co\/index.php\/producto\/microesfera-de-vidrio\/","og_locale":"es_ES","og_type":"article","og_title":"Microesfera de vidrio - STD","og_description":"Mejora la visibilidad y seguridad en tus marcas viales con nuestras Microesferas de Vidrio Tipo AASHTO M247 Tipo 1 Drop-on en Smart Traffic Devices.","og_url":"https:\/\/std.com.co\/index.php\/producto\/microesfera-de-vidrio\/","og_site_name":"STD","article_publisher":"https:\/\/www.facebook.com\/adiministraciontotal","article_modified_time":"2025-04-09T05:01:54+00:00","og_image":[{"width":1080,"height":1080,"url":"http:\/\/std.com.co\/wp-content\/uploads\/2024\/03\/microesfera-para-pintura-vial-demarcacion-vial-smart-traffic-devices-fabricantes-colombianos-haceindo-seguro-el-camino.jpg","type":"image\/jpeg"}],"twitter_card":"summary_large_image","twitter_misc":{"Tiempo de lectura":"1 minuto"},"schema":{"@context":"https:\/\/schema.org","@graph":[{"@type":"WebPage","@id":"https:\/\/std.com.co\/index.php\/producto\/microesfera-de-vidrio\/","url":"https:\/\/std.com.co\/index.php\/producto\/microesfera-de-vidrio\/","name":"Microesfera de vidrio - STD","isPartOf":{"@id":"https:\/\/std.com.co\/#website"},"primaryImageOfPage":{"@id":"https:\/\/std.com.co\/index.php\/producto\/microesfera-de-vidrio\/#primaryimage"},"image":{"@id":"https:\/\/std.com.co\/index.php\/producto\/microesfera-de-vidrio\/#primaryimage"},"thumbnailUrl":"https:\/\/std.com.co\/wp-content\/uploads\/2024\/03\/microesfera-para-pintura-vial-demarcacion-vial-smart-traffic-devices-fabricantes-colombianos-haceindo-seguro-el-camino.jpg","datePublished":"2024-03-06T15:00:44+00:00","dateModified":"2025-04-09T05:01:54+00:00","description":"Mejora la visibilidad y seguridad en tus marcas viales con nuestras Microesferas de Vidrio Tipo AASHTO M247 Tipo 1 Drop-on en Smart Traffic Devices.","breadcrumb":{"@id":"https:\/\/std.com.co\/index.php\/producto\/microesfera-de-vidrio\/#breadcrumb"},"inLanguage":"es","potentialAction":[{"@type":"ReadAction","target":["https:\/\/std.com.co\/index.php\/producto\/microesfera-de-vidrio\/"]}]},{"@type":"ImageObject","inLanguage":"es","@id":"https:\/\/std.com.co\/index.php\/producto\/microesfera-de-vidrio\/#primaryimage","url":"https:\/\/std.com.co\/wp-content\/uploads\/2024\/03\/microesfera-para-pintura-vial-demarcacion-vial-smart-traffic-devices-fabricantes-colombianos-haceindo-seguro-el-camino.jpg","contentUrl":"https:\/\/std.com.co\/wp-content\/uploads\/2024\/03\/microesfera-para-pintura-vial-demarcacion-vial-smart-traffic-devices-fabricantes-colombianos-haceindo-seguro-el-camino.jpg","width":1080,"height":1080},{"@type":"BreadcrumbList","@id":"https:\/\/std.com.co\/index.php\/producto\/microesfera-de-vidrio\/#breadcrumb","itemListElement":[{"@type":"ListItem","position":1,"name":"Portada","item":"https:\/\/std.com.co\/"},{"@type":"ListItem","position":2,"name":"Tienda","item":"https:\/\/std.com.co\/index.php\/tienda\/"},{"@type":"ListItem","position":3,"name":"Microesfera de vidrio"}]},{"@type":"WebSite","@id":"https:\/\/std.com.co\/#website","url":"https:\/\/std.com.co\/","name":"Smart Traffic Devices","description":"Somos Fabricantes Colombianos","publisher":{"@id":"https:\/\/std.com.co\/#organization"},"alternateName":"STD","potentialAction":[{"@type":"SearchAction","target":{"@type":"EntryPoint","urlTemplate":"https:\/\/std.com.co\/?s={search_term_string}"},"query-input":{"@type":"PropertyValueSpecification","valueRequired":true,"valueName":"search_term_string"}}],"inLanguage":"es"},{"@type":"Organization","@id":"https:\/\/std.com.co\/#organization","name":"SMART TRAFFIC DEVICES","url":"https:\/\/std.com.co\/","logo":{"@type":"ImageObject","inLanguage":"es","@id":"https:\/\/std.com.co\/#\/schema\/logo\/image\/","url":"https:\/\/std.com.co\/wp-content\/uploads\/2024\/08\/logo-std.png","contentUrl":"https:\/\/std.com.co\/wp-content\/uploads\/2024\/08\/logo-std.png","width":675,"height":675,"caption":"SMART TRAFFIC DEVICES"},"image":{"@id":"https:\/\/std.com.co\/#\/schema\/logo\/image\/"},"sameAs":["https:\/\/www.facebook.com\/adiministraciontotal","https:\/\/www.instagram.com\/std.col\/"]}]}},"jetpack_sharing_enabled":true,"_links":{"self":[{"href":"https:\/\/std.com.co\/index.php\/wp-json\/wp\/v2\/product\/1026","targetHints":{"allow":["GET"]}}],"collection":[{"href":"https:\/\/std.com.co\/index.php\/wp-json\/wp\/v2\/product"}],"about":[{"href":"https:\/\/std.com.co\/index.php\/wp-json\/wp\/v2\/types\/product"}],"wp:featuredmedia":[{"embeddable":true,"href":"https:\/\/std.com.co\/index.php\/wp-json\/wp\/v2\/media\/1259"}],"wp:attachment":[{"href":"https:\/\/std.com.co\/index.php\/wp-json\/wp\/v2\/media?parent=1026"}],"wp:term":[{"taxonomy":"product_brand","embeddable":true,"href":"https:\/\/std.com.co\/index.php\/wp-json\/wp\/v2\/product_brand?post=1026"},{"taxonomy":"product_cat","embeddable":true,"href":"https:\/\/std.com.co\/index.php\/wp-json\/wp\/v2\/product_cat?post=1026"},{"taxonomy":"product_tag","embeddable":true,"href":"https:\/\/std.com.co\/index.php\/wp-json\/wp\/v2\/product_tag?post=1026"}],"curies":[{"name":"wp","href":"https:\/\/api.w.org\/{rel}","templated":true}]}}