{"id":1002,"date":"2024-03-06T09:41:16","date_gmt":"2024-03-06T14:41:16","guid":{"rendered":"https:\/\/std.com.co\/?post_type=product&#038;p=1002"},"modified":"2025-04-09T00:11:32","modified_gmt":"2025-04-09T05:11:32","slug":"pegante-dispositivos-viales","status":"publish","type":"product","link":"https:\/\/std.com.co\/index.php\/producto\/pegante-dispositivos-viales\/","title":{"rendered":"Pegante dispositivos viales"},"content":{"rendered":"<p><img decoding=\"async\" class=\"alignnone wp-image-308\" src=\"http:\/\/std.com.co\/wp-content\/uploads\/2023\/10\/iconos-productos-31.jpg\" alt=\"\" width=\"56\" height=\"45\" \/>\u00a0<span style=\"font-size: 16px;\"><strong>Presentaci\u00f3n:<\/strong>\u00a0<\/span><span style=\"font-size: 16px;\">Lata por gal\u00f3n<\/span><\/p>\n<p><img decoding=\"async\" class=\"alignnone wp-image-309\" src=\"http:\/\/std.com.co\/wp-content\/uploads\/2023\/10\/iconos-productos-32.jpg\" alt=\"\" width=\"55\" height=\"45\" \/>\u00a0<span style=\"font-size: 16px;\"><strong>Peso:<\/strong>\u00a0<\/span><span style=\"font-size: 16px;\">2,5\u00a0 Kg<\/span><\/p>\n<p><img decoding=\"async\" class=\"alignnone wp-image-459\" src=\"http:\/\/std.com.co\/wp-content\/uploads\/2023\/10\/iconos-productos-05.png\" alt=\"\" width=\"53\" height=\"44\" \/>\u00a0<strong><span style=\"font-size: 16px;\">Empaque:\u00a0<\/span><\/strong><span style=\"font-size: 16px;\">4 und por caja<\/span><\/p>\n","protected":false},"excerpt":{"rendered":"<p>Descubre la excelencia de nuestro Pegante para Dispositivos Viales en Smart Traffic Devices. Nuestro pegante para dispositivos viales es una f\u00f3rmula \u00fanica, creada con alta compatibilidad con los pavimentos donde se instala, ya sea asfalto o concreto. Su f\u00f3rmula \u00fanica garantiza una buena fluidez y consistencia, optimizando la adhesi\u00f3n y cubrimiento de los elementos de se\u00f1alizaci\u00f3n vial.<\/p>\n<p>Conf\u00eda en la calidad de nuestro Pegante para Dispositivos Viales para asegurar una instalaci\u00f3n segura y duradera. En Smart Traffic Devices, nos enorgullece ofrecer soluciones que marcan la diferencia en la seguridad vial. Explora nuestras opciones y descubre c\u00f3mo nuestro Pegante para Dispositivos Viales hace seguro el camino con su f\u00f3rmula \u00fanica y eficaz.<\/p>\n","protected":false},"featured_media":1263,"template":"","meta":{"_acf_changed":false,"site-sidebar-layout":"default","site-content-layout":"","ast-site-content-layout":"default","site-content-style":"default","site-sidebar-style":"default","ast-global-header-display":"","ast-banner-title-visibility":"","ast-main-header-display":"","ast-hfb-above-header-display":"","ast-hfb-below-header-display":"","ast-hfb-mobile-header-display":"","site-post-title":"","ast-breadcrumbs-content":"","ast-featured-img":"","footer-sml-layout":"","theme-transparent-header-meta":"default","adv-header-id-meta":"","stick-header-meta":"","header-above-stick-meta":"","header-main-stick-meta":"","header-below-stick-meta":"","astra-migrate-meta-layouts":"set","_joinchat":[]},"product_brand":[],"product_cat":[22],"product_tag":[],"class_list":{"0":"post-1002","1":"product","2":"type-product","3":"status-publish","4":"has-post-thumbnail","6":"product_cat-sin-categorizar","7":"desktop-align-left","8":"tablet-align-left","9":"mobile-align-left","11":"first","12":"instock","13":"downloadable","14":"shipping-taxable","15":"product-type-simple"},"acf":[],"yoast_head":"<!-- This site is optimized with the Yoast SEO plugin v26.3 - https:\/\/yoast.com\/wordpress\/plugins\/seo\/ -->\n<title>Pegante dispositivos viales - STD<\/title>\n<meta name=\"description\" content=\"Nuestro pegante para dispositivos viales es una f\u00f3rmula \u00fanica, creada con alta compatibilidad con los pavimentos, asfalto o concreto donde se instala.\" \/>\n<meta name=\"robots\" content=\"index, follow, max-snippet:-1, max-image-preview:large, max-video-preview:-1\" \/>\n<link rel=\"canonical\" href=\"https:\/\/std.com.co\/index.php\/producto\/pegante-dispositivos-viales\/\" \/>\n<meta property=\"og:locale\" content=\"es_ES\" \/>\n<meta property=\"og:type\" content=\"article\" \/>\n<meta property=\"og:title\" content=\"Pegante dispositivos viales - STD\" \/>\n<meta property=\"og:description\" content=\"Nuestro pegante para dispositivos viales es una f\u00f3rmula \u00fanica, creada con alta compatibilidad con los pavimentos, asfalto o concreto donde se instala.\" \/>\n<meta property=\"og:url\" content=\"https:\/\/std.com.co\/index.php\/producto\/pegante-dispositivos-viales\/\" \/>\n<meta property=\"og:site_name\" content=\"STD\" \/>\n<meta property=\"article:publisher\" content=\"https:\/\/www.facebook.com\/adiministraciontotal\" \/>\n<meta property=\"article:modified_time\" content=\"2025-04-09T05:11:32+00:00\" \/>\n<meta property=\"og:image\" content=\"http:\/\/std.com.co\/wp-content\/uploads\/2024\/03\/pegante-para-dispositivos-viales-std-somos-fabricantes-colombianos-dispositivos-para-senalizacion-y-seguridad-vial-bogota-colombia-haciendo-seguro-el-camino-2.jpg\" \/>\n\t<meta property=\"og:image:width\" content=\"1080\" \/>\n\t<meta property=\"og:image:height\" content=\"1080\" \/>\n\t<meta property=\"og:image:type\" content=\"image\/jpeg\" \/>\n<meta name=\"twitter:card\" content=\"summary_large_image\" \/>\n<meta name=\"twitter:label1\" content=\"Tiempo de lectura\" \/>\n\t<meta name=\"twitter:data1\" content=\"1 minuto\" \/>\n<script type=\"application\/ld+json\" class=\"yoast-schema-graph\">{\"@context\":\"https:\/\/schema.org\",\"@graph\":[{\"@type\":\"WebPage\",\"@id\":\"https:\/\/std.com.co\/index.php\/producto\/pegante-dispositivos-viales\/\",\"url\":\"https:\/\/std.com.co\/index.php\/producto\/pegante-dispositivos-viales\/\",\"name\":\"Pegante dispositivos viales - STD\",\"isPartOf\":{\"@id\":\"https:\/\/std.com.co\/#website\"},\"primaryImageOfPage\":{\"@id\":\"https:\/\/std.com.co\/index.php\/producto\/pegante-dispositivos-viales\/#primaryimage\"},\"image\":{\"@id\":\"https:\/\/std.com.co\/index.php\/producto\/pegante-dispositivos-viales\/#primaryimage\"},\"thumbnailUrl\":\"https:\/\/std.com.co\/wp-content\/uploads\/2024\/03\/pegante-para-dispositivos-viales-std-somos-fabricantes-colombianos-dispositivos-para-senalizacion-y-seguridad-vial-bogota-colombia-haciendo-seguro-el-camino-2.jpg\",\"datePublished\":\"2024-03-06T14:41:16+00:00\",\"dateModified\":\"2025-04-09T05:11:32+00:00\",\"description\":\"Nuestro pegante para dispositivos viales es una f\u00f3rmula \u00fanica, creada con alta compatibilidad con los pavimentos, asfalto o concreto donde se instala.\",\"breadcrumb\":{\"@id\":\"https:\/\/std.com.co\/index.php\/producto\/pegante-dispositivos-viales\/#breadcrumb\"},\"inLanguage\":\"es\",\"potentialAction\":[{\"@type\":\"ReadAction\",\"target\":[\"https:\/\/std.com.co\/index.php\/producto\/pegante-dispositivos-viales\/\"]}]},{\"@type\":\"ImageObject\",\"inLanguage\":\"es\",\"@id\":\"https:\/\/std.com.co\/index.php\/producto\/pegante-dispositivos-viales\/#primaryimage\",\"url\":\"https:\/\/std.com.co\/wp-content\/uploads\/2024\/03\/pegante-para-dispositivos-viales-std-somos-fabricantes-colombianos-dispositivos-para-senalizacion-y-seguridad-vial-bogota-colombia-haciendo-seguro-el-camino-2.jpg\",\"contentUrl\":\"https:\/\/std.com.co\/wp-content\/uploads\/2024\/03\/pegante-para-dispositivos-viales-std-somos-fabricantes-colombianos-dispositivos-para-senalizacion-y-seguridad-vial-bogota-colombia-haciendo-seguro-el-camino-2.jpg\",\"width\":1080,\"height\":1080},{\"@type\":\"BreadcrumbList\",\"@id\":\"https:\/\/std.com.co\/index.php\/producto\/pegante-dispositivos-viales\/#breadcrumb\",\"itemListElement\":[{\"@type\":\"ListItem\",\"position\":1,\"name\":\"Portada\",\"item\":\"https:\/\/std.com.co\/\"},{\"@type\":\"ListItem\",\"position\":2,\"name\":\"Tienda\",\"item\":\"https:\/\/std.com.co\/index.php\/tienda\/\"},{\"@type\":\"ListItem\",\"position\":3,\"name\":\"Pegante dispositivos viales\"}]},{\"@type\":\"WebSite\",\"@id\":\"https:\/\/std.com.co\/#website\",\"url\":\"https:\/\/std.com.co\/\",\"name\":\"Smart Traffic Devices\",\"description\":\"Somos Fabricantes Colombianos\",\"publisher\":{\"@id\":\"https:\/\/std.com.co\/#organization\"},\"alternateName\":\"STD\",\"potentialAction\":[{\"@type\":\"SearchAction\",\"target\":{\"@type\":\"EntryPoint\",\"urlTemplate\":\"https:\/\/std.com.co\/?s={search_term_string}\"},\"query-input\":{\"@type\":\"PropertyValueSpecification\",\"valueRequired\":true,\"valueName\":\"search_term_string\"}}],\"inLanguage\":\"es\"},{\"@type\":\"Organization\",\"@id\":\"https:\/\/std.com.co\/#organization\",\"name\":\"SMART TRAFFIC DEVICES\",\"url\":\"https:\/\/std.com.co\/\",\"logo\":{\"@type\":\"ImageObject\",\"inLanguage\":\"es\",\"@id\":\"https:\/\/std.com.co\/#\/schema\/logo\/image\/\",\"url\":\"https:\/\/std.com.co\/wp-content\/uploads\/2024\/08\/logo-std.png\",\"contentUrl\":\"https:\/\/std.com.co\/wp-content\/uploads\/2024\/08\/logo-std.png\",\"width\":675,\"height\":675,\"caption\":\"SMART TRAFFIC DEVICES\"},\"image\":{\"@id\":\"https:\/\/std.com.co\/#\/schema\/logo\/image\/\"},\"sameAs\":[\"https:\/\/www.facebook.com\/adiministraciontotal\",\"https:\/\/www.instagram.com\/std.col\/\"]}]}<\/script>\n<!-- \/ Yoast SEO plugin. -->","yoast_head_json":{"title":"Pegante dispositivos viales - STD","description":"Nuestro pegante para dispositivos viales es una f\u00f3rmula \u00fanica, creada con alta compatibilidad con los pavimentos, asfalto o concreto donde se instala.","robots":{"index":"index","follow":"follow","max-snippet":"max-snippet:-1","max-image-preview":"max-image-preview:large","max-video-preview":"max-video-preview:-1"},"canonical":"https:\/\/std.com.co\/index.php\/producto\/pegante-dispositivos-viales\/","og_locale":"es_ES","og_type":"article","og_title":"Pegante dispositivos viales - STD","og_description":"Nuestro pegante para dispositivos viales es una f\u00f3rmula \u00fanica, creada con alta compatibilidad con los pavimentos, asfalto o concreto donde se instala.","og_url":"https:\/\/std.com.co\/index.php\/producto\/pegante-dispositivos-viales\/","og_site_name":"STD","article_publisher":"https:\/\/www.facebook.com\/adiministraciontotal","article_modified_time":"2025-04-09T05:11:32+00:00","og_image":[{"width":1080,"height":1080,"url":"http:\/\/std.com.co\/wp-content\/uploads\/2024\/03\/pegante-para-dispositivos-viales-std-somos-fabricantes-colombianos-dispositivos-para-senalizacion-y-seguridad-vial-bogota-colombia-haciendo-seguro-el-camino-2.jpg","type":"image\/jpeg"}],"twitter_card":"summary_large_image","twitter_misc":{"Tiempo de lectura":"1 minuto"},"schema":{"@context":"https:\/\/schema.org","@graph":[{"@type":"WebPage","@id":"https:\/\/std.com.co\/index.php\/producto\/pegante-dispositivos-viales\/","url":"https:\/\/std.com.co\/index.php\/producto\/pegante-dispositivos-viales\/","name":"Pegante dispositivos viales - STD","isPartOf":{"@id":"https:\/\/std.com.co\/#website"},"primaryImageOfPage":{"@id":"https:\/\/std.com.co\/index.php\/producto\/pegante-dispositivos-viales\/#primaryimage"},"image":{"@id":"https:\/\/std.com.co\/index.php\/producto\/pegante-dispositivos-viales\/#primaryimage"},"thumbnailUrl":"https:\/\/std.com.co\/wp-content\/uploads\/2024\/03\/pegante-para-dispositivos-viales-std-somos-fabricantes-colombianos-dispositivos-para-senalizacion-y-seguridad-vial-bogota-colombia-haciendo-seguro-el-camino-2.jpg","datePublished":"2024-03-06T14:41:16+00:00","dateModified":"2025-04-09T05:11:32+00:00","description":"Nuestro pegante para dispositivos viales es una f\u00f3rmula \u00fanica, creada con alta compatibilidad con los pavimentos, asfalto o concreto donde se instala.","breadcrumb":{"@id":"https:\/\/std.com.co\/index.php\/producto\/pegante-dispositivos-viales\/#breadcrumb"},"inLanguage":"es","potentialAction":[{"@type":"ReadAction","target":["https:\/\/std.com.co\/index.php\/producto\/pegante-dispositivos-viales\/"]}]},{"@type":"ImageObject","inLanguage":"es","@id":"https:\/\/std.com.co\/index.php\/producto\/pegante-dispositivos-viales\/#primaryimage","url":"https:\/\/std.com.co\/wp-content\/uploads\/2024\/03\/pegante-para-dispositivos-viales-std-somos-fabricantes-colombianos-dispositivos-para-senalizacion-y-seguridad-vial-bogota-colombia-haciendo-seguro-el-camino-2.jpg","contentUrl":"https:\/\/std.com.co\/wp-content\/uploads\/2024\/03\/pegante-para-dispositivos-viales-std-somos-fabricantes-colombianos-dispositivos-para-senalizacion-y-seguridad-vial-bogota-colombia-haciendo-seguro-el-camino-2.jpg","width":1080,"height":1080},{"@type":"BreadcrumbList","@id":"https:\/\/std.com.co\/index.php\/producto\/pegante-dispositivos-viales\/#breadcrumb","itemListElement":[{"@type":"ListItem","position":1,"name":"Portada","item":"https:\/\/std.com.co\/"},{"@type":"ListItem","position":2,"name":"Tienda","item":"https:\/\/std.com.co\/index.php\/tienda\/"},{"@type":"ListItem","position":3,"name":"Pegante dispositivos viales"}]},{"@type":"WebSite","@id":"https:\/\/std.com.co\/#website","url":"https:\/\/std.com.co\/","name":"Smart Traffic Devices","description":"Somos Fabricantes Colombianos","publisher":{"@id":"https:\/\/std.com.co\/#organization"},"alternateName":"STD","potentialAction":[{"@type":"SearchAction","target":{"@type":"EntryPoint","urlTemplate":"https:\/\/std.com.co\/?s={search_term_string}"},"query-input":{"@type":"PropertyValueSpecification","valueRequired":true,"valueName":"search_term_string"}}],"inLanguage":"es"},{"@type":"Organization","@id":"https:\/\/std.com.co\/#organization","name":"SMART TRAFFIC DEVICES","url":"https:\/\/std.com.co\/","logo":{"@type":"ImageObject","inLanguage":"es","@id":"https:\/\/std.com.co\/#\/schema\/logo\/image\/","url":"https:\/\/std.com.co\/wp-content\/uploads\/2024\/08\/logo-std.png","contentUrl":"https:\/\/std.com.co\/wp-content\/uploads\/2024\/08\/logo-std.png","width":675,"height":675,"caption":"SMART TRAFFIC DEVICES"},"image":{"@id":"https:\/\/std.com.co\/#\/schema\/logo\/image\/"},"sameAs":["https:\/\/www.facebook.com\/adiministraciontotal","https:\/\/www.instagram.com\/std.col\/"]}]}},"jetpack_sharing_enabled":true,"_links":{"self":[{"href":"https:\/\/std.com.co\/index.php\/wp-json\/wp\/v2\/product\/1002","targetHints":{"allow":["GET"]}}],"collection":[{"href":"https:\/\/std.com.co\/index.php\/wp-json\/wp\/v2\/product"}],"about":[{"href":"https:\/\/std.com.co\/index.php\/wp-json\/wp\/v2\/types\/product"}],"wp:featuredmedia":[{"embeddable":true,"href":"https:\/\/std.com.co\/index.php\/wp-json\/wp\/v2\/media\/1263"}],"wp:attachment":[{"href":"https:\/\/std.com.co\/index.php\/wp-json\/wp\/v2\/media?parent=1002"}],"wp:term":[{"taxonomy":"product_brand","embeddable":true,"href":"https:\/\/std.com.co\/index.php\/wp-json\/wp\/v2\/product_brand?post=1002"},{"taxonomy":"product_cat","embeddable":true,"href":"https:\/\/std.com.co\/index.php\/wp-json\/wp\/v2\/product_cat?post=1002"},{"taxonomy":"product_tag","embeddable":true,"href":"https:\/\/std.com.co\/index.php\/wp-json\/wp\/v2\/product_tag?post=1002"}],"curies":[{"name":"wp","href":"https:\/\/api.w.org\/{rel}","templated":true}]}}