{"id":170,"date":"2023-10-01T22:21:56","date_gmt":"2023-10-01T20:21:56","guid":{"rendered":"https:\/\/std.com.co\/?page_id=170"},"modified":"2024-03-06T09:10:47","modified_gmt":"2024-03-06T14:10:47","slug":"contacto","status":"publish","type":"page","link":"https:\/\/std.com.co\/index.php\/contacto\/","title":{"rendered":"Contacto"},"content":{"rendered":"\t\t<div data-elementor-type=\"wp-page\" data-elementor-id=\"170\" class=\"elementor elementor-170\" data-elementor-post-type=\"page\">\n\t\t\t\t<div class=\"elementor-element elementor-element-6683a357 e-flex e-con-boxed e-con e-parent\" data-id=\"6683a357\" data-element_type=\"container\" data-settings=\"{&quot;background_background&quot;:&quot;classic&quot;}\">\n\t\t\t\t\t<div class=\"e-con-inner\">\n\t\t<div class=\"elementor-element elementor-element-4c595cac e-con-full e-flex e-con e-child\" data-id=\"4c595cac\" data-element_type=\"container\">\n\t\t<div class=\"elementor-element elementor-element-42ebf5e6 e-flex e-con-boxed e-con e-child\" data-id=\"42ebf5e6\" data-element_type=\"container\">\n\t\t\t\t\t<div class=\"e-con-inner\">\n\t\t\t\t<div class=\"elementor-element elementor-element-b051207 elementor-widget elementor-widget-spacer\" data-id=\"b051207\" data-element_type=\"widget\" data-widget_type=\"spacer.default\">\n\t\t\t\t<div class=\"elementor-widget-container\">\n\t\t\t\t\t\t\t<div class=\"elementor-spacer\">\n\t\t\t<div class=\"elementor-spacer-inner\"><\/div>\n\t\t<\/div>\n\t\t\t\t\t\t<\/div>\n\t\t\t\t<\/div>\n\t\t\t\t<div class=\"elementor-element elementor-element-6e07eac9 elementor-invisible elementor-widget elementor-widget-heading\" data-id=\"6e07eac9\" data-element_type=\"widget\" data-settings=\"{&quot;_animation&quot;:&quot;fadeIn&quot;}\" data-widget_type=\"heading.default\">\n\t\t\t\t<div class=\"elementor-widget-container\">\n\t\t\t\t\t<h2 class=\"elementor-heading-title elementor-size-default\">\u00a1Conversemos sobre Seguridad Vial!<\/h2>\t\t\t\t<\/div>\n\t\t\t\t<\/div>\n\t\t\t\t\t<\/div>\n\t\t\t\t<\/div>\n\t\t<div class=\"elementor-element elementor-element-41cbae3e e-flex e-con-boxed e-con e-child\" data-id=\"41cbae3e\" data-element_type=\"container\">\n\t\t\t\t\t<div class=\"e-con-inner\">\n\t\t<div class=\"elementor-element elementor-element-697dfd29 e-con-full e-flex e-con e-child\" data-id=\"697dfd29\" data-element_type=\"container\">\n\t\t\t\t<div class=\"elementor-element elementor-element-69cc2559 elementor-align-left elementor-invisible elementor-widget elementor-widget-button\" data-id=\"69cc2559\" data-element_type=\"widget\" data-settings=\"{&quot;_animation&quot;:&quot;fadeInUp&quot;}\" data-widget_type=\"button.default\">\n\t\t\t\t<div class=\"elementor-widget-container\">\n\t\t\t\t\t\t\t\t\t<div class=\"elementor-button-wrapper\">\n\t\t\t\t\t<a class=\"elementor-button elementor-button-link elementor-size-sm\" href=\"https:\/\/std.com.co\/index.php\/contacto\/#form\">\n\t\t\t\t\t\t<span class=\"elementor-button-content-wrapper\">\n\t\t\t\t\t\t\t\t\t<span class=\"elementor-button-text\">Cont\u00e1ctanos<\/span>\n\t\t\t\t\t<\/span>\n\t\t\t\t\t<\/a>\n\t\t\t\t<\/div>\n\t\t\t\t\t\t\t\t<\/div>\n\t\t\t\t<\/div>\n\t\t\t\t<\/div>\n\t\t\t\t\t<\/div>\n\t\t\t\t<\/div>\n\t\t\t\t<div class=\"elementor-element elementor-element-200a199a elementor-widget elementor-widget-spacer\" data-id=\"200a199a\" data-element_type=\"widget\" data-widget_type=\"spacer.default\">\n\t\t\t\t<div class=\"elementor-widget-container\">\n\t\t\t\t\t\t\t<div class=\"elementor-spacer\">\n\t\t\t<div class=\"elementor-spacer-inner\"><\/div>\n\t\t<\/div>\n\t\t\t\t\t\t<\/div>\n\t\t\t\t<\/div>\n\t\t\t\t<\/div>\n\t\t\t\t\t<\/div>\n\t\t\t\t<\/div>\n\t\t<div class=\"elementor-element elementor-element-48145b9 e-con-full e-flex e-con e-parent\" data-id=\"48145b9\" data-element_type=\"container\" id=\"form\" data-settings=\"{&quot;background_background&quot;:&quot;classic&quot;}\">\n\t\t<div class=\"elementor-element elementor-element-1957cbe e-con-full e-flex e-con e-child\" data-id=\"1957cbe\" data-element_type=\"container\">\n\t\t\t\t<div class=\"elementor-element elementor-element-2e8a3c7e elementor-widget elementor-widget-heading\" data-id=\"2e8a3c7e\" data-element_type=\"widget\" data-widget_type=\"heading.default\">\n\t\t\t\t<div class=\"elementor-widget-container\">\n\t\t\t\t\t<h2 class=\"elementor-heading-title elementor-size-default\">Cont\u00e1ctanos<\/h2>\t\t\t\t<\/div>\n\t\t\t\t<\/div>\n\t\t\t\t<div class=\"elementor-element elementor-element-df58334 elementor-widget-mobile__width-initial elementor-widget elementor-widget-text-editor\" data-id=\"df58334\" data-element_type=\"widget\" data-widget_type=\"text-editor.default\">\n\t\t\t\t<div class=\"elementor-widget-container\">\n\t\t\t\t\t\t\t\t\tEstamos aqu\u00ed para responder a todas tus consultas y discutir c\u00f3mo nuestros productos de seguridad vial pueden fortalecer tus proyectos.\t\t\t\t\t\t\t\t<\/div>\n\t\t\t\t<\/div>\n\t\t\t\t<div class=\"elementor-element elementor-element-d04772c elementor-button-align-start elementor-widget elementor-widget-form\" data-id=\"d04772c\" data-element_type=\"widget\" data-settings=\"{&quot;step_next_label&quot;:&quot;Siguiente&quot;,&quot;step_previous_label&quot;:&quot;Anterior&quot;,&quot;button_width&quot;:&quot;100&quot;,&quot;step_type&quot;:&quot;number_text&quot;,&quot;step_icon_shape&quot;:&quot;circle&quot;}\" data-widget_type=\"form.default\">\n\t\t\t\t<div class=\"elementor-widget-container\">\n\t\t\t\t\t\t\t<form class=\"elementor-form\" method=\"post\" name=\"Nuevo formulario\" aria-label=\"Nuevo formulario\">\n\t\t\t<input type=\"hidden\" name=\"post_id\" value=\"170\"\/>\n\t\t\t<input type=\"hidden\" name=\"form_id\" value=\"d04772c\"\/>\n\t\t\t<input type=\"hidden\" name=\"referer_title\" value=\"STD\" \/>\n\n\t\t\t\n\t\t\t<div class=\"elementor-form-fields-wrapper elementor-labels-above\">\n\t\t\t\t\t\t\t\t<div class=\"elementor-field-type-text elementor-field-group elementor-column elementor-field-group-name elementor-col-50\">\n\t\t\t\t\t\t\t\t\t\t\t\t\t<input size=\"1\" type=\"text\" name=\"form_fields[name]\" id=\"form-field-name\" class=\"elementor-field elementor-size-sm  elementor-field-textual\" placeholder=\"Nombre\">\n\t\t\t\t\t\t\t\t\t\t\t<\/div>\n\t\t\t\t\t\t\t\t<div class=\"elementor-field-type-email elementor-field-group elementor-column elementor-field-group-email elementor-col-50 elementor-field-required\">\n\t\t\t\t\t\t\t\t\t\t\t\t\t<input size=\"1\" type=\"email\" name=\"form_fields[email]\" id=\"form-field-email\" class=\"elementor-field elementor-size-sm  elementor-field-textual\" placeholder=\"Email\" required=\"required\">\n\t\t\t\t\t\t\t\t\t\t\t<\/div>\n\t\t\t\t\t\t\t\t<div class=\"elementor-field-type-number elementor-field-group elementor-column elementor-field-group-field_a3be5b5 elementor-col-50\">\n\t\t\t\t\t\t\t\t<input type=\"number\" name=\"form_fields[field_a3be5b5]\" id=\"form-field-field_a3be5b5\" class=\"elementor-field elementor-size-sm  elementor-field-textual\" placeholder=\"Celular\" min=\"\" max=\"\" >\n\t\t\t\t\t\t<\/div>\n\t\t\t\t\t\t\t\t<div class=\"elementor-field-type-text elementor-field-group elementor-column elementor-field-group-field_7e989a2 elementor-col-50\">\n\t\t\t\t\t\t\t\t\t\t\t\t\t<input size=\"1\" type=\"text\" name=\"form_fields[field_7e989a2]\" id=\"form-field-field_7e989a2\" class=\"elementor-field elementor-size-sm  elementor-field-textual\" placeholder=\"Pa\u00eds\">\n\t\t\t\t\t\t\t\t\t\t\t<\/div>\n\t\t\t\t\t\t\t\t<div class=\"elementor-field-type-textarea elementor-field-group elementor-column elementor-field-group-message elementor-col-100\">\n\t\t\t\t\t<textarea class=\"elementor-field-textual elementor-field  elementor-size-sm\" name=\"form_fields[message]\" id=\"form-field-message\" rows=\"4\" placeholder=\"Mensaje\"><\/textarea>\t\t\t\t<\/div>\n\t\t\t\t\t\t\t\t<div class=\"elementor-field-type-acceptance elementor-field-group elementor-column elementor-field-group-field_39b9d5b elementor-col-100\">\n\t\t\t\t\t\t\t<div class=\"elementor-field-subgroup\">\n\t\t\t<span class=\"elementor-field-option\">\n\t\t\t\t<input type=\"checkbox\" name=\"form_fields[field_39b9d5b]\" id=\"form-field-field_39b9d5b\" class=\"elementor-field elementor-size-sm  elementor-acceptance-field\">\n\t\t\t\t<label for=\"form-field-field_39b9d5b\">Acepto los terminos y pol\u00edticas de privacidad de datos personales.<\/label>\t\t\t<\/span>\n\t\t<\/div>\n\t\t\t\t\t\t<\/div>\n\t\t\t\t\t\t\t\t<div class=\"elementor-field-group elementor-column elementor-field-type-submit elementor-col-100 e-form__buttons\">\n\t\t\t\t\t<button class=\"elementor-button elementor-size-sm\" type=\"submit\">\n\t\t\t\t\t\t<span class=\"elementor-button-content-wrapper\">\n\t\t\t\t\t\t\t\t\t\t\t\t\t\t\t\t\t\t\t\t\t\t<span class=\"elementor-button-text\">Enviar formulario<\/span>\n\t\t\t\t\t\t\t\t\t\t\t\t\t<\/span>\n\t\t\t\t\t<\/button>\n\t\t\t\t<\/div>\n\t\t\t<\/div>\n\t\t<\/form>\n\t\t\t\t\t\t<\/div>\n\t\t\t\t<\/div>\n\t\t\t\t<\/div>\n\t\t<div class=\"elementor-element elementor-element-c4497f5 e-con-full e-flex e-con e-child\" data-id=\"c4497f5\" data-element_type=\"container\" data-settings=\"{&quot;background_background&quot;:&quot;classic&quot;}\">\n\t\t<div class=\"elementor-element elementor-element-97a1a26 e-flex e-con-boxed e-con e-child\" data-id=\"97a1a26\" data-element_type=\"container\" data-settings=\"{&quot;background_background&quot;:&quot;classic&quot;}\">\n\t\t\t\t\t<div class=\"e-con-inner\">\n\t\t<div class=\"elementor-element elementor-element-dd1d443 e-con-full e-flex e-con e-child\" data-id=\"dd1d443\" data-element_type=\"container\">\n\t\t\t\t<div class=\"elementor-element elementor-element-a878291 elementor-invisible elementor-widget elementor-widget-image\" data-id=\"a878291\" data-element_type=\"widget\" data-settings=\"{&quot;_animation&quot;:&quot;fadeIn&quot;}\" data-widget_type=\"image.default\">\n\t\t\t\t<div class=\"elementor-widget-container\">\n\t\t\t\t\t\t\t\t\t\t\t\t\t\t\t<img decoding=\"async\" width=\"23\" height=\"27\" src=\"https:\/\/std.com.co\/wp-content\/uploads\/2023\/10\/CONTACTO-24.png\" class=\"attachment-large size-large wp-image-193\" alt=\"\" \/>\t\t\t\t\t\t\t\t\t\t\t\t\t\t\t<\/div>\n\t\t\t\t<\/div>\n\t\t\t\t<div class=\"elementor-element elementor-element-7e88b81 elementor-widget elementor-widget-spacer\" data-id=\"7e88b81\" data-element_type=\"widget\" data-widget_type=\"spacer.default\">\n\t\t\t\t<div class=\"elementor-widget-container\">\n\t\t\t\t\t\t\t<div class=\"elementor-spacer\">\n\t\t\t<div class=\"elementor-spacer-inner\"><\/div>\n\t\t<\/div>\n\t\t\t\t\t\t<\/div>\n\t\t\t\t<\/div>\n\t\t\t\t<div class=\"elementor-element elementor-element-ea38dc4 elementor-invisible elementor-widget elementor-widget-image\" data-id=\"ea38dc4\" data-element_type=\"widget\" data-settings=\"{&quot;_animation&quot;:&quot;fadeIn&quot;}\" data-widget_type=\"image.default\">\n\t\t\t\t<div class=\"elementor-widget-container\">\n\t\t\t\t\t\t\t\t\t\t\t\t\t\t\t<img decoding=\"async\" width=\"26\" height=\"27\" src=\"https:\/\/std.com.co\/wp-content\/uploads\/2023\/10\/CONTACTO-25.png\" class=\"attachment-large size-large wp-image-194\" alt=\"\" \/>\t\t\t\t\t\t\t\t\t\t\t\t\t\t\t<\/div>\n\t\t\t\t<\/div>\n\t\t\t\t<div class=\"elementor-element elementor-element-3098efe elementor-widget elementor-widget-spacer\" data-id=\"3098efe\" data-element_type=\"widget\" data-widget_type=\"spacer.default\">\n\t\t\t\t<div class=\"elementor-widget-container\">\n\t\t\t\t\t\t\t<div class=\"elementor-spacer\">\n\t\t\t<div class=\"elementor-spacer-inner\"><\/div>\n\t\t<\/div>\n\t\t\t\t\t\t<\/div>\n\t\t\t\t<\/div>\n\t\t\t\t<div class=\"elementor-element elementor-element-0fac531 elementor-invisible elementor-widget elementor-widget-image\" data-id=\"0fac531\" data-element_type=\"widget\" data-settings=\"{&quot;_animation&quot;:&quot;fadeIn&quot;}\" data-widget_type=\"image.default\">\n\t\t\t\t<div class=\"elementor-widget-container\">\n\t\t\t\t\t\t\t\t\t\t\t\t\t\t\t<img decoding=\"async\" width=\"26\" height=\"17\" src=\"https:\/\/std.com.co\/wp-content\/uploads\/2023\/10\/CONTACTO-26.png\" class=\"attachment-large size-large wp-image-195\" alt=\"\" \/>\t\t\t\t\t\t\t\t\t\t\t\t\t\t\t<\/div>\n\t\t\t\t<\/div>\n\t\t\t\t<\/div>\n\t\t<div class=\"elementor-element elementor-element-b9f5fb7 e-flex e-con-boxed e-con e-child\" data-id=\"b9f5fb7\" data-element_type=\"container\">\n\t\t\t\t\t<div class=\"e-con-inner\">\n\t\t\t\t<div class=\"elementor-element elementor-element-cb7c939 elementor-invisible elementor-widget elementor-widget-text-editor\" data-id=\"cb7c939\" data-element_type=\"widget\" data-settings=\"{&quot;_animation&quot;:&quot;fadeInRight&quot;}\" data-widget_type=\"text-editor.default\">\n\t\t\t\t<div class=\"elementor-widget-container\">\n\t\t\t\t\t\t\t\t\t<p><strong>Direcci\u00f3n:<\/strong><br \/>Cra 59 # 15-42 Bogot\u00e1, Colombia<\/p><p><strong>Contacto:<\/strong><br \/>(601) 7900435<br \/>(+57) 318 803 0341<br \/>(+57) 322 836 1276<br \/>(+57) 316 010 2350<\/p><p><strong>Email:<\/strong><br \/>contacto@std.com.co<br \/>comercial@std.com.co<\/p><p>comercial2@std.com.co<\/p><p>\u00a0<\/p>\t\t\t\t\t\t\t\t<\/div>\n\t\t\t\t<\/div>\n\t\t\t\t<div class=\"elementor-element elementor-element-ccb3743 e-grid-align-left elementor-shape-rounded elementor-grid-0 elementor-widget elementor-widget-social-icons\" data-id=\"ccb3743\" data-element_type=\"widget\" data-widget_type=\"social-icons.default\">\n\t\t\t\t<div class=\"elementor-widget-container\">\n\t\t\t\t\t\t\t<div class=\"elementor-social-icons-wrapper elementor-grid\" role=\"list\">\n\t\t\t\t\t\t\t<span class=\"elementor-grid-item\" role=\"listitem\">\n\t\t\t\t\t<a class=\"elementor-icon elementor-social-icon elementor-social-icon-facebook elementor-repeater-item-582f670\" target=\"_blank\">\n\t\t\t\t\t\t<span class=\"elementor-screen-only\">Facebook<\/span>\n\t\t\t\t\t\t<i class=\"fab fa-facebook\"><\/i>\t\t\t\t\t<\/a>\n\t\t\t\t<\/span>\n\t\t\t\t\t\t\t<span class=\"elementor-grid-item\" role=\"listitem\">\n\t\t\t\t\t<a class=\"elementor-icon elementor-social-icon elementor-social-icon-instagram elementor-repeater-item-6db8d69\" target=\"_blank\">\n\t\t\t\t\t\t<span class=\"elementor-screen-only\">Instagram<\/span>\n\t\t\t\t\t\t<i class=\"fab fa-instagram\"><\/i>\t\t\t\t\t<\/a>\n\t\t\t\t<\/span>\n\t\t\t\t\t\t\t<span class=\"elementor-grid-item\" role=\"listitem\">\n\t\t\t\t\t<a class=\"elementor-icon elementor-social-icon elementor-social-icon-linkedin elementor-repeater-item-543d3be\" target=\"_blank\">\n\t\t\t\t\t\t<span class=\"elementor-screen-only\">Linkedin<\/span>\n\t\t\t\t\t\t<i class=\"fab fa-linkedin\"><\/i>\t\t\t\t\t<\/a>\n\t\t\t\t<\/span>\n\t\t\t\t\t<\/div>\n\t\t\t\t\t\t<\/div>\n\t\t\t\t<\/div>\n\t\t\t\t\t<\/div>\n\t\t\t\t<\/div>\n\t\t\t\t\t<\/div>\n\t\t\t\t<\/div>\n\t\t\t\t<\/div>\n\t\t\t\t<\/div>\n\t\t<div class=\"elementor-element elementor-element-e6cbce7 e-flex e-con-boxed e-con e-parent\" data-id=\"e6cbce7\" data-element_type=\"container\" data-settings=\"{&quot;background_background&quot;:&quot;classic&quot;}\">\n\t\t\t\t\t<div class=\"e-con-inner\">\n\t\t\t\t<div class=\"elementor-element elementor-element-f5c1b0a elementor-widget elementor-widget-heading\" data-id=\"f5c1b0a\" data-element_type=\"widget\" data-widget_type=\"heading.default\">\n\t\t\t\t<div class=\"elementor-widget-container\">\n\t\t\t\t\t<h2 class=\"elementor-heading-title elementor-size-default\">Ubicaci\u00f3n<\/h2>\t\t\t\t<\/div>\n\t\t\t\t<\/div>\n\t\t\t\t<div class=\"elementor-element elementor-element-4297c6b elementor-widget elementor-widget-heading\" data-id=\"4297c6b\" data-element_type=\"widget\" data-widget_type=\"heading.default\">\n\t\t\t\t<div class=\"elementor-widget-container\">\n\t\t\t\t\t<h2 class=\"elementor-heading-title elementor-size-default\">Encu\u00e9ntranos en Google Maps<\/h2>\t\t\t\t<\/div>\n\t\t\t\t<\/div>\n\t\t\t\t<div class=\"elementor-element elementor-element-7a050c4 elementor-widget elementor-widget-google_maps\" data-id=\"7a050c4\" data-element_type=\"widget\" data-widget_type=\"google_maps.default\">\n\t\t\t\t<div class=\"elementor-widget-container\">\n\t\t\t\t\t\t\t<div class=\"elementor-custom-embed\">\n\t\t\t<iframe loading=\"lazy\"\n\t\t\t\t\tsrc=\"https:\/\/maps.google.com\/maps?q=Cra%2059%20%23%2015-42&#038;t=m&#038;z=14&#038;output=embed&#038;iwloc=near\"\n\t\t\t\t\ttitle=\"Cra 59 # 15-42\"\n\t\t\t\t\taria-label=\"Cra 59 # 15-42\"\n\t\t\t><\/iframe>\n\t\t<\/div>\n\t\t\t\t\t\t<\/div>\n\t\t\t\t<\/div>\n\t\t\t\t\t<\/div>\n\t\t\t\t<\/div>\n\t\t\t\t<\/div>\n\t\t","protected":false},"excerpt":{"rendered":"<p>\u00a1Conversemos sobre Seguridad Vial! Cont\u00e1ctanos Cont\u00e1ctanos Estamos aqu\u00ed para responder a todas tus consultas y discutir c\u00f3mo nuestros productos de seguridad vial pueden fortalecer tus proyectos. Direcci\u00f3n:Cra 59 # 15-42 Bogot\u00e1, Colombia Contacto:(601) 7900435(+57) 318 803 0341(+57) 322 836 1276(+57) 316 010 2350 Email:contacto@std.com.cocomercial@std.com.co comercial2@std.com.co \u00a0 Facebook Instagram Linkedin Ubicaci\u00f3n Encu\u00e9ntranos en Google Maps<\/p>\n","protected":false},"author":1,"featured_media":0,"parent":0,"menu_order":0,"comment_status":"closed","ping_status":"closed","template":"","meta":{"_acf_changed":false,"site-sidebar-layout":"no-sidebar","site-content-layout":"","ast-site-content-layout":"full-width-container","site-content-style":"default","site-sidebar-style":"default","ast-global-header-display":"","ast-banner-title-visibility":"","ast-main-header-display":"","ast-hfb-above-header-display":"","ast-hfb-below-header-display":"","ast-hfb-mobile-header-display":"","site-post-title":"disabled","ast-breadcrumbs-content":"","ast-featured-img":"disabled","footer-sml-layout":"","theme-transparent-header-meta":"","adv-header-id-meta":"","stick-header-meta":"","header-above-stick-meta":"","header-main-stick-meta":"","header-below-stick-meta":"","astra-migrate-meta-layouts":"","_joinchat":[],"footnotes":""},"class_list":["post-170","page","type-page","status-publish","hentry"],"acf":[],"yoast_head":"<!-- This site is optimized with the Yoast SEO plugin v26.3 - https:\/\/yoast.com\/wordpress\/plugins\/seo\/ -->\n<title>Contacto Dispositivos Viales - STD<\/title>\n<meta name=\"description\" content=\"Como fabricantes colombianos y distribuidores especializados, estamos comprometidos con brindarte soluciones confiables.\" \/>\n<meta name=\"robots\" content=\"index, follow, max-snippet:-1, max-image-preview:large, max-video-preview:-1\" \/>\n<link rel=\"canonical\" href=\"https:\/\/std.com.co\/index.php\/contacto\/\" \/>\n<meta property=\"og:locale\" content=\"es_ES\" \/>\n<meta property=\"og:type\" content=\"article\" \/>\n<meta property=\"og:title\" content=\"Contacto Dispositivos Viales - STD\" \/>\n<meta property=\"og:description\" content=\"Como fabricantes colombianos y distribuidores especializados, estamos comprometidos con brindarte soluciones confiables.\" \/>\n<meta property=\"og:url\" content=\"https:\/\/std.com.co\/index.php\/contacto\/\" \/>\n<meta property=\"og:site_name\" content=\"STD\" \/>\n<meta property=\"article:publisher\" content=\"https:\/\/www.facebook.com\/adiministraciontotal\" \/>\n<meta property=\"article:modified_time\" content=\"2024-03-06T14:10:47+00:00\" \/>\n<meta property=\"og:image\" content=\"http:\/\/std.com.co\/wp-content\/uploads\/2023\/10\/CONTACTO-24.png\" \/>\n<meta name=\"twitter:card\" content=\"summary_large_image\" \/>\n<meta name=\"twitter:label1\" content=\"Tiempo de lectura\" \/>\n\t<meta name=\"twitter:data1\" content=\"1 minuto\" \/>\n<script type=\"application\/ld+json\" class=\"yoast-schema-graph\">{\"@context\":\"https:\/\/schema.org\",\"@graph\":[{\"@type\":\"WebPage\",\"@id\":\"https:\/\/std.com.co\/index.php\/contacto\/\",\"url\":\"https:\/\/std.com.co\/index.php\/contacto\/\",\"name\":\"Contacto Dispositivos Viales - STD\",\"isPartOf\":{\"@id\":\"https:\/\/std.com.co\/#website\"},\"primaryImageOfPage\":{\"@id\":\"https:\/\/std.com.co\/index.php\/contacto\/#primaryimage\"},\"image\":{\"@id\":\"https:\/\/std.com.co\/index.php\/contacto\/#primaryimage\"},\"thumbnailUrl\":\"http:\/\/std.com.co\/wp-content\/uploads\/2023\/10\/CONTACTO-24.png\",\"datePublished\":\"2023-10-01T20:21:56+00:00\",\"dateModified\":\"2024-03-06T14:10:47+00:00\",\"description\":\"Como fabricantes colombianos y distribuidores especializados, estamos comprometidos con brindarte soluciones confiables.\",\"breadcrumb\":{\"@id\":\"https:\/\/std.com.co\/index.php\/contacto\/#breadcrumb\"},\"inLanguage\":\"es\",\"potentialAction\":[{\"@type\":\"ReadAction\",\"target\":[\"https:\/\/std.com.co\/index.php\/contacto\/\"]}]},{\"@type\":\"ImageObject\",\"inLanguage\":\"es\",\"@id\":\"https:\/\/std.com.co\/index.php\/contacto\/#primaryimage\",\"url\":\"http:\/\/std.com.co\/wp-content\/uploads\/2023\/10\/CONTACTO-24.png\",\"contentUrl\":\"http:\/\/std.com.co\/wp-content\/uploads\/2023\/10\/CONTACTO-24.png\"},{\"@type\":\"BreadcrumbList\",\"@id\":\"https:\/\/std.com.co\/index.php\/contacto\/#breadcrumb\",\"itemListElement\":[{\"@type\":\"ListItem\",\"position\":1,\"name\":\"Portada\",\"item\":\"https:\/\/std.com.co\/\"},{\"@type\":\"ListItem\",\"position\":2,\"name\":\"Contacto\"}]},{\"@type\":\"WebSite\",\"@id\":\"https:\/\/std.com.co\/#website\",\"url\":\"https:\/\/std.com.co\/\",\"name\":\"Smart Traffic Devices\",\"description\":\"Somos Fabricantes Colombianos\",\"publisher\":{\"@id\":\"https:\/\/std.com.co\/#organization\"},\"alternateName\":\"STD\",\"potentialAction\":[{\"@type\":\"SearchAction\",\"target\":{\"@type\":\"EntryPoint\",\"urlTemplate\":\"https:\/\/std.com.co\/?s={search_term_string}\"},\"query-input\":{\"@type\":\"PropertyValueSpecification\",\"valueRequired\":true,\"valueName\":\"search_term_string\"}}],\"inLanguage\":\"es\"},{\"@type\":\"Organization\",\"@id\":\"https:\/\/std.com.co\/#organization\",\"name\":\"SMART TRAFFIC DEVICES\",\"url\":\"https:\/\/std.com.co\/\",\"logo\":{\"@type\":\"ImageObject\",\"inLanguage\":\"es\",\"@id\":\"https:\/\/std.com.co\/#\/schema\/logo\/image\/\",\"url\":\"https:\/\/std.com.co\/wp-content\/uploads\/2024\/08\/logo-std.png\",\"contentUrl\":\"https:\/\/std.com.co\/wp-content\/uploads\/2024\/08\/logo-std.png\",\"width\":675,\"height\":675,\"caption\":\"SMART TRAFFIC DEVICES\"},\"image\":{\"@id\":\"https:\/\/std.com.co\/#\/schema\/logo\/image\/\"},\"sameAs\":[\"https:\/\/www.facebook.com\/adiministraciontotal\",\"https:\/\/www.instagram.com\/std.col\/\"]}]}<\/script>\n<!-- \/ Yoast SEO plugin. -->","yoast_head_json":{"title":"Contacto Dispositivos Viales - STD","description":"Como fabricantes colombianos y distribuidores especializados, estamos comprometidos con brindarte soluciones confiables.","robots":{"index":"index","follow":"follow","max-snippet":"max-snippet:-1","max-image-preview":"max-image-preview:large","max-video-preview":"max-video-preview:-1"},"canonical":"https:\/\/std.com.co\/index.php\/contacto\/","og_locale":"es_ES","og_type":"article","og_title":"Contacto Dispositivos Viales - STD","og_description":"Como fabricantes colombianos y distribuidores especializados, estamos comprometidos con brindarte soluciones confiables.","og_url":"https:\/\/std.com.co\/index.php\/contacto\/","og_site_name":"STD","article_publisher":"https:\/\/www.facebook.com\/adiministraciontotal","article_modified_time":"2024-03-06T14:10:47+00:00","og_image":[{"url":"http:\/\/std.com.co\/wp-content\/uploads\/2023\/10\/CONTACTO-24.png","type":"","width":"","height":""}],"twitter_card":"summary_large_image","twitter_misc":{"Tiempo de lectura":"1 minuto"},"schema":{"@context":"https:\/\/schema.org","@graph":[{"@type":"WebPage","@id":"https:\/\/std.com.co\/index.php\/contacto\/","url":"https:\/\/std.com.co\/index.php\/contacto\/","name":"Contacto Dispositivos Viales - STD","isPartOf":{"@id":"https:\/\/std.com.co\/#website"},"primaryImageOfPage":{"@id":"https:\/\/std.com.co\/index.php\/contacto\/#primaryimage"},"image":{"@id":"https:\/\/std.com.co\/index.php\/contacto\/#primaryimage"},"thumbnailUrl":"http:\/\/std.com.co\/wp-content\/uploads\/2023\/10\/CONTACTO-24.png","datePublished":"2023-10-01T20:21:56+00:00","dateModified":"2024-03-06T14:10:47+00:00","description":"Como fabricantes colombianos y distribuidores especializados, estamos comprometidos con brindarte soluciones confiables.","breadcrumb":{"@id":"https:\/\/std.com.co\/index.php\/contacto\/#breadcrumb"},"inLanguage":"es","potentialAction":[{"@type":"ReadAction","target":["https:\/\/std.com.co\/index.php\/contacto\/"]}]},{"@type":"ImageObject","inLanguage":"es","@id":"https:\/\/std.com.co\/index.php\/contacto\/#primaryimage","url":"http:\/\/std.com.co\/wp-content\/uploads\/2023\/10\/CONTACTO-24.png","contentUrl":"http:\/\/std.com.co\/wp-content\/uploads\/2023\/10\/CONTACTO-24.png"},{"@type":"BreadcrumbList","@id":"https:\/\/std.com.co\/index.php\/contacto\/#breadcrumb","itemListElement":[{"@type":"ListItem","position":1,"name":"Portada","item":"https:\/\/std.com.co\/"},{"@type":"ListItem","position":2,"name":"Contacto"}]},{"@type":"WebSite","@id":"https:\/\/std.com.co\/#website","url":"https:\/\/std.com.co\/","name":"Smart Traffic Devices","description":"Somos Fabricantes Colombianos","publisher":{"@id":"https:\/\/std.com.co\/#organization"},"alternateName":"STD","potentialAction":[{"@type":"SearchAction","target":{"@type":"EntryPoint","urlTemplate":"https:\/\/std.com.co\/?s={search_term_string}"},"query-input":{"@type":"PropertyValueSpecification","valueRequired":true,"valueName":"search_term_string"}}],"inLanguage":"es"},{"@type":"Organization","@id":"https:\/\/std.com.co\/#organization","name":"SMART TRAFFIC DEVICES","url":"https:\/\/std.com.co\/","logo":{"@type":"ImageObject","inLanguage":"es","@id":"https:\/\/std.com.co\/#\/schema\/logo\/image\/","url":"https:\/\/std.com.co\/wp-content\/uploads\/2024\/08\/logo-std.png","contentUrl":"https:\/\/std.com.co\/wp-content\/uploads\/2024\/08\/logo-std.png","width":675,"height":675,"caption":"SMART TRAFFIC DEVICES"},"image":{"@id":"https:\/\/std.com.co\/#\/schema\/logo\/image\/"},"sameAs":["https:\/\/www.facebook.com\/adiministraciontotal","https:\/\/www.instagram.com\/std.col\/"]}]}},"jetpack_sharing_enabled":true,"_links":{"self":[{"href":"https:\/\/std.com.co\/index.php\/wp-json\/wp\/v2\/pages\/170","targetHints":{"allow":["GET"]}}],"collection":[{"href":"https:\/\/std.com.co\/index.php\/wp-json\/wp\/v2\/pages"}],"about":[{"href":"https:\/\/std.com.co\/index.php\/wp-json\/wp\/v2\/types\/page"}],"author":[{"embeddable":true,"href":"https:\/\/std.com.co\/index.php\/wp-json\/wp\/v2\/users\/1"}],"replies":[{"embeddable":true,"href":"https:\/\/std.com.co\/index.php\/wp-json\/wp\/v2\/comments?post=170"}],"version-history":[{"count":28,"href":"https:\/\/std.com.co\/index.php\/wp-json\/wp\/v2\/pages\/170\/revisions"}],"predecessor-version":[{"id":925,"href":"https:\/\/std.com.co\/index.php\/wp-json\/wp\/v2\/pages\/170\/revisions\/925"}],"wp:attachment":[{"href":"https:\/\/std.com.co\/index.php\/wp-json\/wp\/v2\/media?parent=170"}],"curies":[{"name":"wp","href":"https:\/\/api.w.org\/{rel}","templated":true}]}}